{"id":2766,"date":"2026-02-13T08:26:48","date_gmt":"2026-02-13T08:26:48","guid":{"rendered":"https:\/\/saskar.store\/?post_type=product&#038;p=2766"},"modified":"2026-02-13T08:46:22","modified_gmt":"2026-02-13T08:46:22","slug":"monedero-de-tela-gheri-hecho-a-mano-cartera-etnica-de-algodon-con-cremallera-artesania-tradicional-de-nepal","status":"publish","type":"product","link":"https:\/\/saskar.store\/en\/product\/monedero-de-tela-gheri-hecho-a-mano-cartera-etnica-de-algodon-con-cremallera-artesania-tradicional-de-nepal\/","title":{"rendered":"Monedero de Tela Gheri Hecho a Mano &#8211; Cartera \u00c9tnica de Algod\u00f3n con Cremallera &#8211; Artesan\u00eda Tradicional de Nepal"},"content":{"rendered":"<h3 class=\"AdPoic\" role=\"heading\" aria-level=\"3\" data-complete=\"true\" data-processed=\"true\">Descripci\u00f3n del Producto : Monedero de Tela Gheri Hecho a Mano &#8211; Cartera \u00c9tnica de Algod\u00f3n con Cremallera &#8211; Artesan\u00eda Tradicional de Nepal<\/h3>\n<div class=\"Y3BBE\" data-sfc-cp=\"\" data-hveid=\"CAEICRAA\" data-complete=\"true\" data-processed=\"true\">A\u00f1ade una explosi\u00f3n de color y cultura a tus accesorios con nuestro\u00a0<strong class=\"Yjhzub\" data-complete=\"true\">monedero de tela Gheri<\/strong>, fabricado artesanalmente en Nepal. Este peque\u00f1o monedero no es solo pr\u00e1ctico, sino que cuenta una historia de tradici\u00f3n textil a trav\u00e9s de sus patrones geom\u00e9tricos vibrantes y su textura tejida a mano.<\/div>\n<div class=\"Y3BBE\" data-sfc-cp=\"\" data-hveid=\"CAEIChAA\" data-complete=\"true\" data-processed=\"true\">Confeccionado con\u00a0<strong class=\"Yjhzub\" data-complete=\"true\">algod\u00f3n Gheri duradero<\/strong>, este accesorio es conocido por su resistencia y su tacto suave pero robusto. Su dise\u00f1o compacto y ligero lo convierte en el compa\u00f1ero perfecto para quienes buscan organizar sus pertenencias con un estilo\u00a0<strong class=\"Yjhzub\" data-complete=\"true\">bohemio y aut\u00e9ntico<\/strong>.<\/div>\n<h3 class=\"Y3BBE\" data-hveid=\"CAEICxAA\" data-complete=\"true\" data-processed=\"true\">Caracter\u00edsticas que lo hacen especial:<\/h3>\n<ul class=\"KsbFXc U6u95\" data-complete=\"true\" data-processed=\"true\">\n<li data-hveid=\"CAEIDBAA\" data-complete=\"true\" data-sae=\"\"><span class=\"T286Pc\" data-sfc-cp=\"\" data-complete=\"true\"><strong class=\"Yjhzub\" data-complete=\"true\">Artesan\u00eda Gheri Genuina:<\/strong>\u00a0Presenta el tejido tradicional nepal\u00ed con patrones &#8220;XOXO&#8221; y franjas multicolores en tonos azules, verdes y tierra.<\/span><\/li>\n<li data-hveid=\"CAEIDBAB\" data-complete=\"true\" data-sae=\"\"><span class=\"T286Pc\" data-sfc-cp=\"\" data-complete=\"true\"><strong class=\"Yjhzub\" data-complete=\"true\">Dise\u00f1o Funcional:<\/strong>\u00a0Cuenta con un compartimento principal con cierre de cremallera met\u00e1lica, ideal para guardar monedas, billetes, tarjetas o llaves de forma segura.<\/span><\/li>\n<li data-hveid=\"CAEIDBAC\" data-complete=\"true\" data-sae=\"\"><span class=\"T286Pc\" data-sfc-cp=\"\" data-complete=\"true\"><strong class=\"Yjhzub\" data-complete=\"true\">Detalles Pr\u00e1cticos:<\/strong>\u00a0Incluye un asa de cord\u00f3n lateral que permite llevarlo c\u00f3modamente en la mu\u00f1eca o engancharlo a un bolso m\u00e1s grande.<\/span><\/li>\n<li data-hveid=\"CAEIDBAD\" data-complete=\"true\" data-sae=\"\"><span class=\"T286Pc\" data-sfc-cp=\"\" data-complete=\"true\"><strong class=\"Yjhzub\" data-complete=\"true\">Moda \u00c9tica y Vegana:<\/strong>\u00a0Fabricado \u00edntegramente con materiales de origen vegetal, apoyando el trabajo de comunidades artesanas locales en Nepal.<\/span><\/li>\n<li data-hveid=\"CAEIDBAE\" data-complete=\"true\" data-sae=\"\"><span class=\"T286Pc\" data-sfc-cp=\"\" data-complete=\"true\" aria-owns=\"action-menu-parent-container\"><strong class=\"Yjhzub\" data-complete=\"true\">Tama\u00f1o Ideal:<\/strong>\u00a0Sus dimensiones aproximadas de\u00a0<strong class=\"Yjhzub\" data-complete=\"true\">11 x 10 cm<\/strong> lo hacen perfecto para llevar en el bolsillo o en bolsos peque\u00f1os sin ocupar demasiado espacio.<\/span><\/li>\n<li data-hveid=\"CAEIDBAE\" data-complete=\"true\" data-sae=\"\">Cada producto tiene un color diferente, as\u00ed que identifica el producto y env\u00edanos un mensaje de texto.<\/li>\n<\/ul>\n","protected":false},"excerpt":{"rendered":"<p>Descripci\u00f3n del Producto : Monedero de Tela Gheri Hecho a Mano &#8211; Cartera \u00c9tnica de Algod\u00f3n con Cremallera &#8211; Artesan\u00eda Tradicional de Nepal A\u00f1ade una explosi\u00f3n de color y cultura a tus accesorios con nuestro\u00a0monedero de tela Gheri, fabricado artesanalmente en Nepal. Este peque\u00f1o monedero no es solo pr\u00e1ctico, sino que cuenta una historia de [&#8230;]\n","protected":false},"featured_media":2773,"comment_status":"open","ping_status":"closed","template":"","meta":[],"product_brand":[],"product_cat":[43,39],"product_tag":[],"class_list":{"0":"post-2766","1":"product","2":"type-product","3":"status-publish","4":"has-post-thumbnail","6":"product_cat-handmande-products","7":"product_cat-accessories","9":"first","10":"instock","11":"taxable","12":"shipping-taxable","13":"purchasable","14":"product-type-variable"},"jetpack_sharing_enabled":true,"_links":{"self":[{"href":"https:\/\/saskar.store\/en\/wp-json\/wp\/v2\/product\/2766","targetHints":{"allow":["GET"]}}],"collection":[{"href":"https:\/\/saskar.store\/en\/wp-json\/wp\/v2\/product"}],"about":[{"href":"https:\/\/saskar.store\/en\/wp-json\/wp\/v2\/types\/product"}],"replies":[{"embeddable":true,"href":"https:\/\/saskar.store\/en\/wp-json\/wp\/v2\/comments?post=2766"}],"wp:featuredmedia":[{"embeddable":true,"href":"https:\/\/saskar.store\/en\/wp-json\/wp\/v2\/media\/2773"}],"wp:attachment":[{"href":"https:\/\/saskar.store\/en\/wp-json\/wp\/v2\/media?parent=2766"}],"wp:term":[{"taxonomy":"product_brand","embeddable":true,"href":"https:\/\/saskar.store\/en\/wp-json\/wp\/v2\/product_brand?post=2766"},{"taxonomy":"product_cat","embeddable":true,"href":"https:\/\/saskar.store\/en\/wp-json\/wp\/v2\/product_cat?post=2766"},{"taxonomy":"product_tag","embeddable":true,"href":"https:\/\/saskar.store\/en\/wp-json\/wp\/v2\/product_tag?post=2766"}],"curies":[{"name":"wp","href":"https:\/\/api.w.org\/{rel}","templated":true}]}}