{"id":2741,"date":"2026-02-13T07:51:16","date_gmt":"2026-02-13T07:51:16","guid":{"rendered":"https:\/\/saskar.store\/?post_type=product&#038;p=2741"},"modified":"2026-02-13T07:51:16","modified_gmt":"2026-02-13T07:51:16","slug":"monedero-de-canamo-del-himalaya-hecho-a-mano-cartera-vegana-y-ecologica-con-cremallera-artesania-de-nepal","status":"publish","type":"product","link":"https:\/\/saskar.store\/en\/product\/monedero-de-canamo-del-himalaya-hecho-a-mano-cartera-vegana-y-ecologica-con-cremallera-artesania-de-nepal\/","title":{"rendered":"Monedero de C\u00e1\u00f1amo del Himalaya Hecho a Mano &#8211; Cartera Vegana y Ecol\u00f3gica con Cremallera &#8211; Artesan\u00eda de Nepal"},"content":{"rendered":"<h3 class=\"AdPoic\" role=\"heading\" aria-level=\"3\" data-complete=\"true\" data-processed=\"true\">Descripci\u00f3n del Producto : Monedero de C\u00e1\u00f1amo del Himalaya Hecho a Mano &#8211; Cartera Vegana y Ecol\u00f3gica con Cremallera &#8211; Artesan\u00eda de Nepal<\/h3>\n<div class=\"Y3BBE\" data-sfc-cp=\"\" data-hveid=\"CAEICRAA\" data-complete=\"true\" data-processed=\"true\">Lleva contigo un accesorio sostenible y con alma con nuestro\u00a0<strong class=\"Yjhzub\" data-complete=\"true\">monedero de c\u00e1\u00f1amo del Himalaya<\/strong>. Esta cartera compacta no solo es un objeto pr\u00e1ctico para tu d\u00eda a d\u00eda, sino tambi\u00e9n una declaraci\u00f3n de principios en favor de la moda \u00e9tica y el respeto al medio ambiente.<span class=\"uJ19be notranslate\" data-wiz-uids=\"X7Zze_17,X7Zze_18\" data-complete=\"true\"><span class=\"vKEkVd\" data-animation-atomic=\"\" data-wiz-attrbind=\"class=X7Zze_16\/TKHnVd\" data-sae=\"\"><span aria-hidden=\"true\">\u00a0<\/span><\/span><\/span><\/div>\n<div class=\"Y3BBE\" data-sfc-cp=\"\" data-hveid=\"CAEIChAA\" data-complete=\"true\" data-processed=\"true\">Cada pieza est\u00e1\u00a0<strong class=\"Yjhzub\" data-complete=\"true\">confeccionada artesanalmente en Nepal<\/strong>, utilizando fibras de c\u00e1\u00f1amo 100% naturales, conocidas por su excepcional resistencia y durabilidad. Su dise\u00f1o r\u00fastico se complementa con un patr\u00f3n de rayas en tonos naturales, azules y amarillos, haciendo que cada monedero sea \u00fanico debido a su proceso de fabricaci\u00f3n manual.<span class=\"uJ19be notranslate\" data-wiz-uids=\"X7Zze_1e,X7Zze_1f\" data-complete=\"true\"><span class=\"vKEkVd\" data-animation-atomic=\"\" data-wiz-attrbind=\"class=X7Zze_1d\/TKHnVd\" data-sae=\"\"><span aria-hidden=\"true\">\u00a0<\/span><\/span><\/span><\/div>\n<h3 class=\"Y3BBE\" data-hveid=\"CAEICxAA\" data-complete=\"true\" data-processed=\"true\">Caracter\u00edsticas Principales:<\/h3>\n<ul class=\"KsbFXc U6u95\" data-complete=\"true\" data-processed=\"true\">\n<li data-hveid=\"CAEIDBAA\" data-complete=\"true\" data-sae=\"\"><span class=\"T286Pc\" data-sfc-cp=\"\" data-complete=\"true\"><strong class=\"Yjhzub\" data-complete=\"true\">Material Sostenible:<\/strong>\u00a0Elaborado con c\u00e1\u00f1amo org\u00e1nico, una fibra natural, biodegradable y libre de THC.<\/span><\/li>\n<li data-hveid=\"CAEIDBAB\" data-complete=\"true\" data-sae=\"\"><span class=\"T286Pc\" data-sfc-cp=\"\" data-complete=\"true\"><strong class=\"Yjhzub\" data-complete=\"true\">Dise\u00f1o Funcional:<\/strong>\u00a0Cuenta con un compartimento principal con cierre de cremallera met\u00e1lica, ideal para guardar de forma segura monedas, billetes, tarjetas o llaves.<\/span><\/li>\n<li data-hveid=\"CAEIDBAC\" data-complete=\"true\" data-sae=\"\"><span class=\"T286Pc\" data-sfc-cp=\"\" data-complete=\"true\"><strong class=\"Yjhzub\" data-complete=\"true\">Estilo \u00c9tnico y Vegano:<\/strong>\u00a0Un accesorio de est\u00e9tica boho-chic que se alinea con un estilo de vida consciente y vegano.<\/span><\/li>\n<li data-hveid=\"CAEIDBAD\" data-complete=\"true\" data-sae=\"\"><span class=\"T286Pc\" data-sfc-cp=\"\" data-complete=\"true\"><strong class=\"Yjhzub\" data-complete=\"true\">Compacto y Ligero:<\/strong>\u00a0Su tama\u00f1o es perfecto para llevar en el bolsillo o dentro de un bolso m\u00e1s grande sin ocupar espacio.<\/span><span class=\"uJ19be notranslate\" data-wiz-uids=\"X7Zze_23,X7Zze_24\" data-complete=\"true\"><span class=\"vKEkVd\" data-animation-atomic=\"\" data-wiz-attrbind=\"class=X7Zze_22\/TKHnVd\" data-sae=\"\"><span aria-hidden=\"true\">\u00a0<\/span><button class=\"rBl3me\" tabindex=\"0\" data-amic=\"true\" data-icl-uuid=\"84c10ebc-28a8-4782-acb9-ca6dc4b61933\" aria-label=\"Ver enlaces relacionados\" data-wiz-attrbind=\"disabled=X7Zze_22\/C5gNJc;aria-label=X7Zze_22\/bOjMyf;class=X7Zze_22\/UpSNec\" data-ved=\"2ahUKEwjft-6U_NWSAxVdXUEAHQRMA2kQye0OegYIAQgMEAQ\"><\/button><\/span><\/span><\/li>\n<\/ul>\n<h3 class=\"Y3BBE\" data-hveid=\"CAEIDRAA\" data-complete=\"true\" data-processed=\"true\">Especificaciones T\u00e9cnicas:<\/h3>\n<ul class=\"KsbFXc U6u95\" data-complete=\"true\" data-processed=\"true\">\n<li data-hveid=\"CAEIDhAA\" data-complete=\"true\" data-sae=\"\"><span class=\"T286Pc\" data-sfc-cp=\"\" data-complete=\"true\"><strong class=\"Yjhzub\" data-complete=\"true\">Origen:<\/strong>\u00a0Hecho a mano en el valle de Katmand\u00fa, Nepal.<\/span><\/li>\n<li data-hveid=\"CAEIDhAB\" data-complete=\"true\" data-sae=\"\"><span class=\"T286Pc\" data-sfc-cp=\"\" data-complete=\"true\"><strong class=\"Yjhzub\" data-complete=\"true\">Composici\u00f3n:<\/strong>\u00a0100% C\u00e1\u00f1amo (Hemp).<\/span><\/li>\n<li data-hveid=\"CAEIDhAC\" data-complete=\"true\" data-sae=\"\"><span class=\"T286Pc\" data-sfc-cp=\"\" data-complete=\"true\" aria-owns=\"action-menu-parent-container\"><strong class=\"Yjhzub\" data-complete=\"true\">Dimensiones aproximadas:<\/strong>\u00a012 x 9 cm (pueden variar ligeramente al ser un producto artesanal).<\/span><\/li>\n<\/ul>\n","protected":false},"excerpt":{"rendered":"<p>Descripci\u00f3n del Producto : Monedero de C\u00e1\u00f1amo del Himalaya Hecho a Mano &#8211; Cartera Vegana y Ecol\u00f3gica con Cremallera &#8211; Artesan\u00eda de Nepal Lleva contigo un accesorio sostenible y con alma con nuestro\u00a0monedero de c\u00e1\u00f1amo del Himalaya. Esta cartera compacta no solo es un objeto pr\u00e1ctico para tu d\u00eda a d\u00eda, sino tambi\u00e9n una declaraci\u00f3n [&#8230;]\n","protected":false},"featured_media":2754,"comment_status":"open","ping_status":"closed","template":"","meta":[],"product_brand":[],"product_cat":[43,39],"product_tag":[],"class_list":{"0":"post-2741","1":"product","2":"type-product","3":"status-publish","4":"has-post-thumbnail","6":"product_cat-handmande-products","7":"product_cat-accessories","9":"first","10":"instock","11":"taxable","12":"shipping-taxable","13":"purchasable","14":"product-type-simple"},"jetpack_sharing_enabled":true,"_links":{"self":[{"href":"https:\/\/saskar.store\/en\/wp-json\/wp\/v2\/product\/2741","targetHints":{"allow":["GET"]}}],"collection":[{"href":"https:\/\/saskar.store\/en\/wp-json\/wp\/v2\/product"}],"about":[{"href":"https:\/\/saskar.store\/en\/wp-json\/wp\/v2\/types\/product"}],"replies":[{"embeddable":true,"href":"https:\/\/saskar.store\/en\/wp-json\/wp\/v2\/comments?post=2741"}],"wp:featuredmedia":[{"embeddable":true,"href":"https:\/\/saskar.store\/en\/wp-json\/wp\/v2\/media\/2754"}],"wp:attachment":[{"href":"https:\/\/saskar.store\/en\/wp-json\/wp\/v2\/media?parent=2741"}],"wp:term":[{"taxonomy":"product_brand","embeddable":true,"href":"https:\/\/saskar.store\/en\/wp-json\/wp\/v2\/product_brand?post=2741"},{"taxonomy":"product_cat","embeddable":true,"href":"https:\/\/saskar.store\/en\/wp-json\/wp\/v2\/product_cat?post=2741"},{"taxonomy":"product_tag","embeddable":true,"href":"https:\/\/saskar.store\/en\/wp-json\/wp\/v2\/product_tag?post=2741"}],"curies":[{"name":"wp","href":"https:\/\/api.w.org\/{rel}","templated":true}]}}