{"id":2710,"date":"2026-02-12T14:22:00","date_gmt":"2026-02-12T14:22:00","guid":{"rendered":"https:\/\/saskar.store\/?post_type=product&#038;p=2710"},"modified":"2026-02-12T14:22:00","modified_gmt":"2026-02-12T14:22:00","slug":"sahumerio-de-salvia-blanca-de-california-atado-de-salvia-natural-para-limpieza-energetica-purificacion-del-hogar-y-meditacion-zen","status":"publish","type":"product","link":"https:\/\/saskar.store\/en\/product\/sahumerio-de-salvia-blanca-de-california-atado-de-salvia-natural-para-limpieza-energetica-purificacion-del-hogar-y-meditacion-zen\/","title":{"rendered":"Sahumerio de Salvia Blanca de California \u2013 Atado de Salvia Natural para Limpieza Energ\u00e9tica, Purificaci\u00f3n del Hogar y Meditaci\u00f3n Zen"},"content":{"rendered":"<h3 class=\"AdPoic\" role=\"heading\" aria-level=\"3\" data-complete=\"true\" data-processed=\"true\">Descripci\u00f3n del producto : Sahumerio de Salvia Blanca de California \u2013 Atado de Salvia Natural para Limpieza Energ\u00e9tica, Purificaci\u00f3n del Hogar y Meditaci\u00f3n Zen<\/h3>\n<div class=\"Y3BBE\" data-sfc-cp=\"\" data-hveid=\"CAEIBRAA\" data-complete=\"true\" data-processed=\"true\">Purifica tu entorno y renueva tu energ\u00eda con nuestro\u00a0<strong class=\"Yjhzub\" data-complete=\"true\" data-processed=\"true\">atado de Salvia Blanca<\/strong>\u00a0(<em class=\"eujQNb\" data-complete=\"true\" data-processed=\"true\">Salvia Apiana<\/em>) de alta calidad. Cosechada de forma \u00e9tica en las soleadas colinas de California, la salvia blanca es una de las plantas sagradas m\u00e1s poderosas, utilizada ancestralmente para limpiar espacios de vibraciones negativas y restaurar el equilibrio espiritual.<\/div>\n<h3 class=\"Y3BBE\" data-hveid=\"CAEIBhAA\" data-complete=\"true\" data-processed=\"true\">Caracter\u00edsticas y beneficios principales:<\/h3>\n<ul class=\"KsbFXc U6u95\" data-processed=\"true\" data-complete=\"true\">\n<li data-hveid=\"CAEIBxAA\" data-complete=\"true\" data-sae=\"\"><span class=\"T286Pc\" data-sfc-cp=\"\" data-complete=\"true\"><strong class=\"Yjhzub\" data-complete=\"true\">100% Natural y Org\u00e1nica:<\/strong>\u00a0Atados de hojas de salvia secas de forma natural, sin aditivos ni fragancias artificiales, garantizando un humo puro y potente.<\/span><\/li>\n<li data-hveid=\"CAEIBxAB\" data-sae=\"\" data-complete=\"true\"><span class=\"T286Pc\" data-sfc-cp=\"\" data-complete=\"true\"><strong class=\"Yjhzub\" data-complete=\"true\">Poderosa Limpieza Energ\u00e9tica:<\/strong>\u00a0El ritual de &#8220;smudging&#8221; o sahumerio con salvia blanca ayuda a eliminar el estancamiento energ\u00e9tico, promoviendo una atm\u00f3sfera de\u00a0<strong class=\"Yjhzub\" data-complete=\"true\">paz, claridad y protecci\u00f3n<\/strong>.<\/span><\/li>\n<li data-hveid=\"CAEIBxAC\" data-complete=\"true\" data-processed=\"true\" data-sae=\"\"><span class=\"T286Pc\" data-sfc-cp=\"\" data-complete=\"true\"><strong class=\"Yjhzub\" data-complete=\"true\">Propiedades Antimicrobianas:<\/strong>\u00a0Adem\u00e1s de sus beneficios espirituales, quemar salvia ayuda a purificar el aire, eliminando bacterias y mejorando la calidad del ambiente en tu hogar.<\/span><\/li>\n<li data-hveid=\"CAEIBxAD\" data-complete=\"true\" data-processed=\"true\" data-sae=\"\"><span class=\"T286Pc\" data-sfc-cp=\"\" data-complete=\"true\"><strong class=\"Yjhzub\" data-complete=\"true\">Aliado en la Meditaci\u00f3n:<\/strong>\u00a0Su aroma terroso y herbal ayuda a calmar la mente, reducir el estr\u00e9s y profundizar la conexi\u00f3n espiritual durante el\u00a0<strong class=\"Yjhzub\" data-complete=\"true\">yoga o la meditaci\u00f3n<\/strong>.<\/span><\/li>\n<li data-hveid=\"CAEIBxAE\" data-complete=\"true\" data-processed=\"true\" data-sae=\"\"><span class=\"T286Pc\" data-sfc-cp=\"\" data-complete=\"true\"><strong class=\"Yjhzub\" data-complete=\"true\">Cosecha Responsable:<\/strong>\u00a0Obtenida siguiendo pr\u00e1cticas sostenibles para preservar las poblaciones silvestres y respetar las tradiciones nativas.<\/span><button class=\"rBl3me\" tabindex=\"0\" data-amic=\"true\" data-icl-uuid=\"8e23ece7-e630-4f90-a1b4-fb3f1c0ffe3d\" aria-label=\"View related links\" data-wiz-attrbind=\"disabled=JGV5Bc_1t\/C5gNJc;aria-label=JGV5Bc_1t\/bOjMyf;class=JGV5Bc_1t\/UpSNec\" data-ved=\"2ahUKEwiIjrPdj9SSAxUWNvsDHb4vNeEQye0OegYIAQgHEAU\"><\/button><\/li>\n<\/ul>\n<h3 class=\"Y3BBE\" data-hveid=\"CAEICBAA\" data-complete=\"true\" data-processed=\"true\">C\u00f3mo utilizarlo:<\/h3>\n<ul>\n<li><span class=\"T286Pc\" data-sfc-cp=\"\" data-complete=\"true\">Enciende un extremo del atado hasta que veas una peque\u00f1a llama.<\/span><\/li>\n<li><span class=\"T286Pc\" data-sfc-cp=\"\" data-complete=\"true\">Sopla suavemente para que la brasa libere un\u00a0<strong class=\"Yjhzub\" data-complete=\"true\">humo blanco constante<\/strong>.<\/span><\/li>\n<li><span class=\"T286Pc\" data-sfc-cp=\"\" data-complete=\"true\">Recorre tu espacio de esquinas a centro o p\u00e1salo alrededor de tu cuerpo con una intenci\u00f3n de limpieza. Apaga presionando el extremo encendido en un recipiente resistente al calor (como una concha de abul\u00f3n o plato de cer\u00e1mica).<\/span><\/li>\n<\/ul>\n<h3 class=\"Y3BBE\" data-hveid=\"CAEIChAA\" data-complete=\"true\" data-processed=\"true\">Especificaciones:<\/h3>\n<ul class=\"KsbFXc U6u95\" data-complete=\"true\" data-processed=\"true\">\n<li data-hveid=\"CAEICxAA\" data-complete=\"true\" data-sae=\"\"><span class=\"T286Pc\" data-sfc-cp=\"\" data-complete=\"true\"><strong class=\"Yjhzub\" data-complete=\"true\">Material:<\/strong>\u00a0100% Salvia Blanca (<em class=\"eujQNb\" data-complete=\"true\">Salvia Apiana<\/em>).<\/span><\/li>\n<li data-hveid=\"CAEICxAB\" data-complete=\"true\" data-sae=\"\"><span class=\"T286Pc\" data-sfc-cp=\"\" data-complete=\"true\"><strong class=\"Yjhzub\" data-complete=\"true\">Formato:<\/strong>\u00a0Atado envuelto en hilo de algod\u00f3n natural.<\/span><\/li>\n<li data-hveid=\"CAEICxAC\" data-complete=\"true\" data-sae=\"\"><span class=\"T286Pc\" data-sfc-cp=\"\" data-complete=\"true\"><strong class=\"Yjhzub\" data-complete=\"true\">Uso:<\/strong> Purificaci\u00f3n de hogares, cristales y rituales de bienestar.<\/span><\/li>\n<\/ul>\n<div class=\"Y3BBE\" data-sfc-cp=\"\" data-hveid=\"CAEIDBAA\" data-complete=\"true\" data-processed=\"true\">Eleva la vibraci\u00f3n de tu hogar y despeja el camino hacia la serenidad con la sabidur\u00eda ancestral de la salvia blanca.<\/div>\n<div class=\"Fsg96\" data-sfc-cp=\"\" data-complete=\"true\" data-processed=\"true\"><\/div>\n<hr class=\"j3tEEe\" data-serialized-params=\"[]\" data-complete=\"true\" data-processed=\"true\" data-sae=\"\" \/>\n<div class=\"Fsg96\" data-sfc-cp=\"\" data-complete=\"true\" data-processed=\"true\"><\/div>\n","protected":false},"excerpt":{"rendered":"<p>Descripci\u00f3n del producto : Sahumerio de Salvia Blanca de California \u2013 Atado de Salvia Natural para Limpieza Energ\u00e9tica, Purificaci\u00f3n del Hogar y Meditaci\u00f3n Zen Purifica tu entorno y renueva tu energ\u00eda con nuestro\u00a0atado de Salvia Blanca\u00a0(Salvia Apiana) de alta calidad. Cosechada de forma \u00e9tica en las soleadas colinas de California, la salvia blanca es una [&#8230;]\n","protected":false},"featured_media":2690,"comment_status":"open","ping_status":"closed","template":"","meta":[],"product_brand":[],"product_cat":[40,39],"product_tag":[],"class_list":{"0":"post-2710","1":"product","2":"type-product","3":"status-publish","4":"has-post-thumbnail","6":"product_cat-inciensos","7":"product_cat-accessories","9":"first","10":"instock","11":"taxable","12":"shipping-taxable","13":"purchasable","14":"product-type-simple"},"jetpack_sharing_enabled":true,"_links":{"self":[{"href":"https:\/\/saskar.store\/en\/wp-json\/wp\/v2\/product\/2710","targetHints":{"allow":["GET"]}}],"collection":[{"href":"https:\/\/saskar.store\/en\/wp-json\/wp\/v2\/product"}],"about":[{"href":"https:\/\/saskar.store\/en\/wp-json\/wp\/v2\/types\/product"}],"replies":[{"embeddable":true,"href":"https:\/\/saskar.store\/en\/wp-json\/wp\/v2\/comments?post=2710"}],"wp:featuredmedia":[{"embeddable":true,"href":"https:\/\/saskar.store\/en\/wp-json\/wp\/v2\/media\/2690"}],"wp:attachment":[{"href":"https:\/\/saskar.store\/en\/wp-json\/wp\/v2\/media?parent=2710"}],"wp:term":[{"taxonomy":"product_brand","embeddable":true,"href":"https:\/\/saskar.store\/en\/wp-json\/wp\/v2\/product_brand?post=2710"},{"taxonomy":"product_cat","embeddable":true,"href":"https:\/\/saskar.store\/en\/wp-json\/wp\/v2\/product_cat?post=2710"},{"taxonomy":"product_tag","embeddable":true,"href":"https:\/\/saskar.store\/en\/wp-json\/wp\/v2\/product_tag?post=2710"}],"curies":[{"name":"wp","href":"https:\/\/api.w.org\/{rel}","templated":true}]}}