{"id":2662,"date":"2026-02-11T18:21:01","date_gmt":"2026-02-11T18:21:01","guid":{"rendered":"https:\/\/saskar.store\/?post_type=product&#038;p=2662"},"modified":"2026-02-12T13:55:11","modified_gmt":"2026-02-12T13:55:11","slug":"arte-de-papel-lokta-impreso-a-mano-escena-folclorica-tradicional-en-autentico-papel-hecho-a-mano-del-himalaya-decoracion-de-pared-etnica-y-regalo-espiritual","status":"publish","type":"product","link":"https:\/\/saskar.store\/en\/product\/arte-de-papel-lokta-impreso-a-mano-escena-folclorica-tradicional-en-autentico-papel-hecho-a-mano-del-himalaya-decoracion-de-pared-etnica-y-regalo-espiritual\/","title":{"rendered":"Arte de papel Lokta impreso a mano \u2013 Escena folcl\u00f3rica tradicional en aut\u00e9ntico papel hecho a mano del Himalaya \u2013 Decoraci\u00f3n de pared \u00e9tnica y regalo espiritual"},"content":{"rendered":"<h2>Descripci\u00f3n del Producto : Arte de papel Lokta impreso a mano \u2013 Escena folcl\u00f3rica tradicional en aut\u00e9ntico papel hecho a mano del Himalaya \u2013 Decoraci\u00f3n de pared \u00e9tnica y regalo espiritual<\/h2>\n<p>Transforme su hogar u oficina en un espacio de apreciaci\u00f3n cultural con esta obra de arte en papel Lokta exquisitamente impresa a mano. Esta pieza captura una escena atemporal de la vida cotidiana tradicional, representada en un sorprendente estilo de arte popular que encarna el rico patrimonio y la conexi\u00f3n espiritual de la regi\u00f3n del Himalaya.<\/p>\n<h2>Presupuesto:<\/h2>\n<ul>\n<li><strong>Material<\/strong>: Papel Lokta nepal\u00ed 100% sostenible hecho a mano<\/li>\n<li><strong>Dise\u00f1o<\/strong>: Buda sentado serigrafiado con detalles tradicionales del Himalaya.<\/li>\n<li><strong>Estilo<\/strong>: Arte popular espiritual tibetano\/nepal\u00ed<\/li>\n<\/ul>\n<p>Transforme su espacio en un santuario de tranquilidad con este s\u00edmbolo de paz magistralmente elaborado.<\/p>\n<h2>Caracter\u00edsticas y beneficios clave:<\/h2>\n<ul>\n<li><strong>Papel Lokta 100 % aut\u00e9ntico<\/strong>: elaborado a partir de la corteza del arbusto Daphne, este papel est\u00e1 hecho a mano utilizando m\u00e9todos tradicionales de 2000 a\u00f1os de antig\u00fcedad. Es naturalmente libre de \u00e1cidos y ecol\u00f3gico, reconocido por su incre\u00edble durabilidad y su textura \u00fanica ba\u00f1ada por el sol.<\/li>\n<li><strong>Serigraf\u00eda artesanal<\/strong>: cada impresi\u00f3n presenta un dise\u00f1o vibrante aplicado a mano con colores llamativos y motivos intrincados. Debido a las variaciones naturales en la superficie del papel, no hay dos piezas exactamente iguales, lo que garantiza una obra de arte verdaderamente \u00fanica.<\/li>\n<li><strong>Narraci\u00f3n cultural simb\u00f3lica:<\/strong> Esta pieza, que representa figuras y objetos tradicionales, sirve como una hermosa ventana a una forma de vida pac\u00edfica y artesanal.<\/li>\n<li><strong>Decoraci\u00f3n sostenible y \u00e9tica:<\/strong> el papel Lokta es un recurso totalmente renovable, cosechado sin da\u00f1ar el sistema de ra\u00edces de la planta. La elecci\u00f3n de este arte respalda la preservaci\u00f3n continua de las antiguas tradiciones artesanales del Himalaya.<\/li>\n<li><strong>Perfecto para espacios modernos y zen:<\/strong> sus tonos c\u00e1lidos y terrosos y su dise\u00f1o minimalista pero llamativo lo convierten en una pieza central ideal para salas zen, rincones de meditaci\u00f3n o como un atento regalo para los amantes del aut\u00e9ntico arte internacional.<\/li>\n<\/ul>\n","protected":false},"excerpt":{"rendered":"<p>Descripci\u00f3n del Producto : Arte de papel Lokta impreso a mano \u2013 Escena folcl\u00f3rica tradicional en aut\u00e9ntico papel hecho a mano del Himalaya \u2013 Decoraci\u00f3n de pared \u00e9tnica y regalo espiritual Transforme su hogar u oficina en un espacio de apreciaci\u00f3n cultural con esta obra de arte en papel Lokta exquisitamente impresa a mano. Esta [&#8230;]\n","protected":false},"featured_media":2659,"comment_status":"open","ping_status":"closed","template":"","meta":[],"product_brand":[],"product_cat":[139],"product_tag":[],"class_list":{"0":"post-2662","1":"product","2":"type-product","3":"status-publish","4":"has-post-thumbnail","6":"product_cat-accesorios","8":"first","9":"instock","10":"taxable","11":"shipping-taxable","12":"purchasable","13":"product-type-simple"},"jetpack_sharing_enabled":true,"_links":{"self":[{"href":"https:\/\/saskar.store\/en\/wp-json\/wp\/v2\/product\/2662","targetHints":{"allow":["GET"]}}],"collection":[{"href":"https:\/\/saskar.store\/en\/wp-json\/wp\/v2\/product"}],"about":[{"href":"https:\/\/saskar.store\/en\/wp-json\/wp\/v2\/types\/product"}],"replies":[{"embeddable":true,"href":"https:\/\/saskar.store\/en\/wp-json\/wp\/v2\/comments?post=2662"}],"wp:featuredmedia":[{"embeddable":true,"href":"https:\/\/saskar.store\/en\/wp-json\/wp\/v2\/media\/2659"}],"wp:attachment":[{"href":"https:\/\/saskar.store\/en\/wp-json\/wp\/v2\/media?parent=2662"}],"wp:term":[{"taxonomy":"product_brand","embeddable":true,"href":"https:\/\/saskar.store\/en\/wp-json\/wp\/v2\/product_brand?post=2662"},{"taxonomy":"product_cat","embeddable":true,"href":"https:\/\/saskar.store\/en\/wp-json\/wp\/v2\/product_cat?post=2662"},{"taxonomy":"product_tag","embeddable":true,"href":"https:\/\/saskar.store\/en\/wp-json\/wp\/v2\/product_tag?post=2662"}],"curies":[{"name":"wp","href":"https:\/\/api.w.org\/{rel}","templated":true}]}}