{"id":2655,"date":"2026-02-11T18:06:17","date_gmt":"2026-02-11T18:06:17","guid":{"rendered":"https:\/\/saskar.store\/?post_type=product&#038;p=2655"},"modified":"2026-02-11T18:06:18","modified_gmt":"2026-02-11T18:06:18","slug":"bandeja-para-aventar-de-bambu-tejida-a-mano-arte-de-pared-decorativo-redondo-tradicional-y-cesta-ecologica-para-servir-en-la-cocina","status":"publish","type":"product","link":"https:\/\/saskar.store\/en\/product\/bandeja-para-aventar-de-bambu-tejida-a-mano-arte-de-pared-decorativo-redondo-tradicional-y-cesta-ecologica-para-servir-en-la-cocina\/","title":{"rendered":"Bandeja para aventar de bamb\u00fa tejida a mano-arte de pared decorativo redondo tradicional y cesta ecol\u00f3gica para servir en la cocina"},"content":{"rendered":"<h2>Descripci\u00f3n del Producto : Bandeja para aventar de bamb\u00fa tejida a mano-arte de pared decorativo redondo tradicional y cesta ecol\u00f3gica para servir en la cocina<\/h2>\n<p>Introduzca un aut\u00e9ntico encanto r\u00fastico en su hogar con esta bandeja redonda de bamb\u00fa meticulosamente hecha a mano. Tradicionalmente conocida como Bilao, Tampah o Winnowing Tray, esta pieza vers\u00e1til combina la antigua artesan\u00eda del sudeste asi\u00e1tico y africano con una decoraci\u00f3n moderna y sostenible para el hogar.<\/p>\n<h2>Presupuesto:<\/h2>\n<ul>\n<li><strong>Material<\/strong>: Bamb\u00fa tejido 100% natural<\/li>\n<li><strong>Dise\u00f1o<\/strong>: Bandeja plana redonda con bordes circulares reforzados para integridad estructural.<\/li>\n<li><strong>Limpieza<\/strong>: Simplemente limpie con un pa\u00f1o suave y h\u00famedo y evite la exposici\u00f3n prolongada a la luz solar directa o la humedad para mantener su belleza natural.<br \/>\nAdopte la elegancia de la artesan\u00eda tradicional y aporte un estilo org\u00e1nico y sostenible a su espacio vital.<\/li>\n<\/ul>\n<h2>Caracter\u00edsticas y beneficios clave:<\/h2>\n<ul>\n<li><strong>Artesan\u00eda artesanal:<\/strong> tejida a mano por expertos utilizando patrones tradicionales de cester\u00eda o espiga de bamb\u00fa 100% natural, lo que hace de cada bandeja una obra de arte funcional \u00fanica.<\/li>\n<li><strong>Dise\u00f1o vers\u00e1til y multiusos:<\/strong> perfecto como decoraci\u00f3n de pared boho-chic, una bandeja ligera para servir frutas y aperitivos, o un tendedero sostenible para el tradicional aventamiento de granos.<\/li>\n<li><strong>Respetuoso con el medio ambiente y sostenible:<\/strong> elaborada con bamb\u00fa renovable de alta calidad, esta bandeja es una alternativa natural y biodegradable a los utensilios de cocina de pl\u00e1stico.<\/li>\n<li><strong>Est\u00e9tica minimalista y atemporal:<\/strong> los tonos c\u00e1lidos y naturales y la textura tejida geom\u00e9trica complementan una amplia gama de estilos de interiores, desde una casa de campo r\u00fastica hasta un zen moderno.<\/li>\n<li><strong>Duradera y liviana:<\/strong> dise\u00f1ada para el uso diario, esta bandeja es resistente pero f\u00e1cil de manejar, ya sea que sirva el desayuno en la cama o la coloque en la pared de una galer\u00eda.<\/li>\n<\/ul>\n","protected":false},"excerpt":{"rendered":"<p>Descripci\u00f3n del Producto : Bandeja para aventar de bamb\u00fa tejida a mano-arte de pared decorativo redondo tradicional y cesta ecol\u00f3gica para servir en la cocina Introduzca un aut\u00e9ntico encanto r\u00fastico en su hogar con esta bandeja redonda de bamb\u00fa meticulosamente hecha a mano. Tradicionalmente conocida como Bilao, Tampah o Winnowing Tray, esta pieza vers\u00e1til combina [&#8230;]\n","protected":false},"featured_media":2656,"comment_status":"open","ping_status":"closed","template":"","meta":[],"product_brand":[],"product_cat":[139],"product_tag":[],"class_list":{"0":"post-2655","1":"product","2":"type-product","3":"status-publish","4":"has-post-thumbnail","6":"product_cat-accesorios","8":"first","9":"instock","10":"taxable","11":"shipping-taxable","12":"purchasable","13":"product-type-simple"},"jetpack_sharing_enabled":true,"_links":{"self":[{"href":"https:\/\/saskar.store\/en\/wp-json\/wp\/v2\/product\/2655","targetHints":{"allow":["GET"]}}],"collection":[{"href":"https:\/\/saskar.store\/en\/wp-json\/wp\/v2\/product"}],"about":[{"href":"https:\/\/saskar.store\/en\/wp-json\/wp\/v2\/types\/product"}],"replies":[{"embeddable":true,"href":"https:\/\/saskar.store\/en\/wp-json\/wp\/v2\/comments?post=2655"}],"wp:featuredmedia":[{"embeddable":true,"href":"https:\/\/saskar.store\/en\/wp-json\/wp\/v2\/media\/2656"}],"wp:attachment":[{"href":"https:\/\/saskar.store\/en\/wp-json\/wp\/v2\/media?parent=2655"}],"wp:term":[{"taxonomy":"product_brand","embeddable":true,"href":"https:\/\/saskar.store\/en\/wp-json\/wp\/v2\/product_brand?post=2655"},{"taxonomy":"product_cat","embeddable":true,"href":"https:\/\/saskar.store\/en\/wp-json\/wp\/v2\/product_cat?post=2655"},{"taxonomy":"product_tag","embeddable":true,"href":"https:\/\/saskar.store\/en\/wp-json\/wp\/v2\/product_tag?post=2655"}],"curies":[{"name":"wp","href":"https:\/\/api.w.org\/{rel}","templated":true}]}}