{"id":2654,"date":"2026-02-11T17:59:50","date_gmt":"2026-02-11T17:59:50","guid":{"rendered":"https:\/\/saskar.store\/?post_type=product&#038;p=2654"},"modified":"2026-02-11T17:59:50","modified_gmt":"2026-02-11T17:59:50","slug":"farol-de-papel-lokta-botanico-artesanal-pantalla-tradicional-del-himalaya-con-hojas-prensadas-e-iluminacion-ambiental-zen","status":"publish","type":"product","link":"https:\/\/saskar.store\/en\/product\/farol-de-papel-lokta-botanico-artesanal-pantalla-tradicional-del-himalaya-con-hojas-prensadas-e-iluminacion-ambiental-zen\/","title":{"rendered":"Farol de papel lokta bot\u00e1nico artesanal-pantalla tradicional del Himalaya con hojas prensadas e iluminaci\u00f3n ambiental zen."},"content":{"rendered":"<h2>Descripci\u00f3n del Producto : Farol de papel lokta bot\u00e1nico artesanal: pantalla tradicional del Himalaya con hojas prensadas e iluminaci\u00f3n ambiental zen.<\/h2>\n<p>Infunda en tu hogar la serena belleza del Himalaya con esta exquisita linterna de papel Lokta bot\u00e1nica artesanal. Meticulosamente elaborada con t\u00e9cnicas ancestrales, esta pantalla cuadrada presenta aut\u00e9nticos elementos bot\u00e1nicos prensados, creando una textura org\u00e1nica \u00fanica que transforma cualquier habitaci\u00f3n en un santuario de serenidad.<\/p>\n<h2>Presupuesto<\/h2>\n<ul>\n<li><strong>Material<\/strong>: Papel Lokta nepal\u00ed 100% sostenible hecho a mano<\/li>\n<li><strong>Dise\u00f1o<\/strong>: Buda sentado serigrafiado con detalles tradicionales del Himalaya.<\/li>\n<li><strong>Estilo<\/strong>: Arte popular espiritual tibetano\/nepal\u00ed<\/li>\n<\/ul>\n<p>Transforme su espacio en un santuario de tranquilidad con este s\u00edmbolo de paz magistralmente elaborado.<\/p>\n<h2>Presupuesto:<\/h2>\n<ul>\n<li><strong>Material<\/strong>: Marco de alambre de metal y papel Lokta 100 % sostenible hecho a mano<\/li>\n<li><strong>Dise\u00f1o<\/strong>: Linterna cuadrada de cuatro lados con costuras e inclusiones bot\u00e1nicas<\/li>\n<li><strong>Estilo<\/strong>: Zen, bohemio, de inspiraci\u00f3n tradicional asi\u00e1tica.<br \/>\nInvite la calidez de la artesan\u00eda tradicional y el arte de la naturaleza a su espacio vital hoy.<\/li>\n<\/ul>\n<h2>Caracter\u00edsticas y beneficios clave:<\/h2>\n<ul>\n<li><strong>Herencia artesanal del Himalaya<\/strong>: cada linterna est\u00e1 hecha a mano tradicionalmente en Nepal utilizando papel Lokta sostenible, un material duradero y sin \u00e1cido cosechado de arbustos de gran altitud sin da\u00f1ar el medio ambiente.<\/li>\n<li><strong>Detalles bot\u00e1nicos \u00fanicos:<\/strong> la pantalla est\u00e1 incrustada con hojas y fibras prensadas reales, lo que garantiza que no haya dos piezas exactamente iguales. Cuando se encienden, estas inclusiones naturales proyectan sombras hermosas e intrincadas.<\/li>\n<li><strong>Construcci\u00f3n cosida tradicional:<\/strong> presenta elegantes bordes cosidos a mano con hilo en contraste, lo que refuerza su encanto r\u00fastico y proporciona un acabado artesanal de alta calidad.<\/li>\n<li><strong>Resplandor ambiental relajante:<\/strong> la textura fibrosa del papel hecho a mano act\u00faa como un difusor natural, emitiendo una luz c\u00e1lida y suave que es perfecta para la meditaci\u00f3n, la relajaci\u00f3n o la lectura junto a la cama.<\/li>\n<li><strong>Decoraci\u00f3n Zen vers\u00e1til<\/strong>: su silueta cuadrada cl\u00e1sica y sus borlas decorativas en las esquinas lo convierten en una impresionante pieza central colgante o una adici\u00f3n sofisticada a la base de una l\u00e1mpara de mesa.<\/li>\n<\/ul>\n","protected":false},"excerpt":{"rendered":"<p>Descripci\u00f3n del Producto : Farol de papel lokta bot\u00e1nico artesanal: pantalla tradicional del Himalaya con hojas prensadas e iluminaci\u00f3n ambiental zen. Infunda en tu hogar la serena belleza del Himalaya con esta exquisita linterna de papel Lokta bot\u00e1nica artesanal. Meticulosamente elaborada con t\u00e9cnicas ancestrales, esta pantalla cuadrada presenta aut\u00e9nticos elementos bot\u00e1nicos prensados, creando una textura [&#8230;]\n","protected":false},"featured_media":2643,"comment_status":"open","ping_status":"closed","template":"","meta":[],"product_brand":[],"product_cat":[139,41],"product_tag":[],"class_list":{"0":"post-2654","1":"product","2":"type-product","3":"status-publish","4":"has-post-thumbnail","6":"product_cat-accesorios","7":"product_cat-decoracion-del-hogar","9":"first","10":"instock","11":"taxable","12":"shipping-taxable","13":"purchasable","14":"product-type-simple"},"jetpack_sharing_enabled":true,"_links":{"self":[{"href":"https:\/\/saskar.store\/en\/wp-json\/wp\/v2\/product\/2654","targetHints":{"allow":["GET"]}}],"collection":[{"href":"https:\/\/saskar.store\/en\/wp-json\/wp\/v2\/product"}],"about":[{"href":"https:\/\/saskar.store\/en\/wp-json\/wp\/v2\/types\/product"}],"replies":[{"embeddable":true,"href":"https:\/\/saskar.store\/en\/wp-json\/wp\/v2\/comments?post=2654"}],"wp:featuredmedia":[{"embeddable":true,"href":"https:\/\/saskar.store\/en\/wp-json\/wp\/v2\/media\/2643"}],"wp:attachment":[{"href":"https:\/\/saskar.store\/en\/wp-json\/wp\/v2\/media?parent=2654"}],"wp:term":[{"taxonomy":"product_brand","embeddable":true,"href":"https:\/\/saskar.store\/en\/wp-json\/wp\/v2\/product_brand?post=2654"},{"taxonomy":"product_cat","embeddable":true,"href":"https:\/\/saskar.store\/en\/wp-json\/wp\/v2\/product_cat?post=2654"},{"taxonomy":"product_tag","embeddable":true,"href":"https:\/\/saskar.store\/en\/wp-json\/wp\/v2\/product_tag?post=2654"}],"curies":[{"name":"wp","href":"https:\/\/api.w.org\/{rel}","templated":true}]}}