{"id":2321,"date":"2026-01-28T11:11:57","date_gmt":"2026-01-28T11:11:57","guid":{"rendered":"https:\/\/saskar.store\/?post_type=product&#038;p=2321"},"modified":"2026-02-12T14:13:47","modified_gmt":"2026-02-12T14:13:47","slug":"cuenco-tibetano-premium-para-meditacion-acabado-dorado","status":"publish","type":"product","link":"https:\/\/saskar.store\/en\/product\/cuenco-tibetano-premium-para-meditacion-acabado-dorado\/","title":{"rendered":"Cuenco Tibetano Premium para Meditaci\u00f3n \u2013 Acabado Dorado"},"content":{"rendered":"<h2>Descripci\u00f3n del Producto : Cuenco Tibetano Premium para Meditaci\u00f3n \u2013 Acabado Dorado<\/h2>\n<p>Juego de cuencos tibetanos hechos a mano, elaborados con una mezcla de metales. Estos instrumentos se utilizan para la meditaci\u00f3n, la curaci\u00f3n y la relajaci\u00f3n.<br \/>\nA menudo se elabora a partir de una mezcla tradicional de siete metales, incluidos oro, plata, cobre, hierro, esta\u00f1o, plomo y zinc, cada uno de los cuales representa una influencia planetaria.<br \/>\nProduce un sonido y una vibraci\u00f3n ricos y armoniosos cuando se toca con el mazo (palo) incluido.<br \/>\nSe cree que el sonido y las vibraciones promueven la calma, el alivio del estr\u00e9s y el equilibrio interior.<br \/>\nViene con un coj\u00edn de anillo (base) y un palo de madera (mazo).<\/p>\n<p>&nbsp;<\/p>\n<p data-start=\"2410\" data-end=\"2653\">Cuenco tibetano premium con elegante acabado dorado. Produce un sonido rico y envolvente que favorece la meditaci\u00f3n profunda y la sanaci\u00f3n sonora. Perfecto para estudios de yoga, centros de bienestar y uso personal avanzado.<\/p>\n<p data-start=\"2655\" data-end=\"2677\"><strong data-start=\"2655\" data-end=\"2675\">Caracter\u00edsticas:<\/strong><\/p>\n<ul data-start=\"2678\" data-end=\"2758\">\n<li data-start=\"2678\" data-end=\"2697\">\n<p data-start=\"2680\" data-end=\"2697\">Calidad premium<\/p>\n<\/li>\n<li data-start=\"2698\" data-end=\"2716\">\n<p data-start=\"2700\" data-end=\"2716\">Acabado dorado<\/p>\n<\/li>\n<li data-start=\"2717\" data-end=\"2738\">\n<p data-start=\"2719\" data-end=\"2738\">Sonido prolongado<\/p>\n<\/li>\n<li data-start=\"2739\" data-end=\"2758\">\n<p data-start=\"2741\" data-end=\"2758\">Uso profesional<\/p>\n<\/li>\n<\/ul>\n<p data-start=\"802\" data-end=\"824\"><strong data-start=\"802\" data-end=\"822\">Detalles del producto:<\/strong><\/p>\n<ul>\n<li><strong>Materiales<\/strong>: oro, plata, cobre, hierro, esta\u00f1o, plomo y zinc.<\/li>\n<li><strong>T\u00e9cnica<\/strong>: Artesanal.<\/li>\n<li><strong>Estilo<\/strong>: Oriental \/ Zen \/ Espiritual<\/li>\n<li><strong>Uso<\/strong>: meditaci\u00f3n, relajaci\u00f3n profunda, sanaci\u00f3n sonora y reducci\u00f3n del estr\u00e9s.<\/li>\n<li><strong>Dimensiones<\/strong>: 10,5*21,5 cm.<\/li>\n<li><strong>Peso<\/strong>: 1400 gramos<\/li>\n<\/ul>\n","protected":false},"excerpt":{"rendered":"<p>Descripci\u00f3n del Producto : Cuenco Tibetano Premium para Meditaci\u00f3n \u2013 Acabado Dorado Juego de cuencos tibetanos hechos a mano, elaborados con una mezcla de metales. Estos instrumentos se utilizan para la meditaci\u00f3n, la curaci\u00f3n y la relajaci\u00f3n. A menudo se elabora a partir de una mezcla tradicional de siete metales, incluidos oro, plata, cobre, hierro, [&#8230;]\n","protected":false},"featured_media":2303,"comment_status":"open","ping_status":"closed","template":"","meta":[],"product_brand":[],"product_cat":[57,58],"product_tag":[],"class_list":{"0":"post-2321","1":"product","2":"type-product","3":"status-publish","4":"has-post-thumbnail","6":"product_cat-cuenco-tibetano","7":"product_cat-cuenco-tibetanos","9":"first","10":"instock","11":"taxable","12":"shipping-taxable","13":"purchasable","14":"product-type-simple"},"jetpack_sharing_enabled":true,"_links":{"self":[{"href":"https:\/\/saskar.store\/en\/wp-json\/wp\/v2\/product\/2321","targetHints":{"allow":["GET"]}}],"collection":[{"href":"https:\/\/saskar.store\/en\/wp-json\/wp\/v2\/product"}],"about":[{"href":"https:\/\/saskar.store\/en\/wp-json\/wp\/v2\/types\/product"}],"replies":[{"embeddable":true,"href":"https:\/\/saskar.store\/en\/wp-json\/wp\/v2\/comments?post=2321"}],"wp:featuredmedia":[{"embeddable":true,"href":"https:\/\/saskar.store\/en\/wp-json\/wp\/v2\/media\/2303"}],"wp:attachment":[{"href":"https:\/\/saskar.store\/en\/wp-json\/wp\/v2\/media?parent=2321"}],"wp:term":[{"taxonomy":"product_brand","embeddable":true,"href":"https:\/\/saskar.store\/en\/wp-json\/wp\/v2\/product_brand?post=2321"},{"taxonomy":"product_cat","embeddable":true,"href":"https:\/\/saskar.store\/en\/wp-json\/wp\/v2\/product_cat?post=2321"},{"taxonomy":"product_tag","embeddable":true,"href":"https:\/\/saskar.store\/en\/wp-json\/wp\/v2\/product_tag?post=2321"}],"curies":[{"name":"wp","href":"https:\/\/api.w.org\/{rel}","templated":true}]}}