{"id":2319,"date":"2026-01-28T09:38:47","date_gmt":"2026-01-28T09:38:47","guid":{"rendered":"https:\/\/saskar.store\/?post_type=product&#038;p=2319"},"modified":"2026-01-28T09:38:47","modified_gmt":"2026-01-28T09:38:47","slug":"cuenco-de-sonido-para-equilibrio-de-chakras","status":"publish","type":"product","link":"https:\/\/saskar.store\/en\/product\/cuenco-de-sonido-para-equilibrio-de-chakras\/","title":{"rendered":"Cuenco de Sonido para Equilibrio de Chakras"},"content":{"rendered":"<h2>Descripci\u00f3n del Producto : Cuenco de Sonido para Equilibrio de Chakras<\/h2>\n<p>Cuenco de Sonido para Equilibrio de Chakras, elaborados con una mezcla de metales. Estos instrumentos se utilizan para la meditaci\u00f3n, la curaci\u00f3n y la relajaci\u00f3n.<br \/>\nA menudo se elabora a partir de una mezcla tradicional de siete metales, incluidos oro, plata, cobre, hierro, esta\u00f1o, plomo y zinc, cada uno de los cuales representa una influencia planetaria.<br \/>\nProduce un sonido y una vibraci\u00f3n ricos y armoniosos cuando se toca con el mazo (palo) incluido.<br \/>\nSe cree que el sonido y las vibraciones promueven la calma, el alivio del estr\u00e9s y el equilibrio interior.<br \/>\nViene con un coj\u00edn de anillo (base) y un palo de madera (mazo).<\/p>\n<p>&nbsp;<\/p>\n<p data-start=\"1962\" data-end=\"2214\">Este cuenco est\u00e1 especialmente recomendado para la armonizaci\u00f3n y el equilibrio de los chakras. Sus vibraciones ayudan a desbloquear la energ\u00eda y promover el bienestar f\u00edsico y emocional. Muy utilizado en terapias hol\u00edsticas y reiki.<\/p>\n<p data-start=\"2216\" data-end=\"2238\"><strong data-start=\"2216\" data-end=\"2236\">Caracter\u00edsticas:<\/strong><\/p>\n<ul data-start=\"2239\" data-end=\"2335\">\n<li data-start=\"2239\" data-end=\"2272\">\n<p data-start=\"2241\" data-end=\"2272\">Ideal para trabajo energ\u00e9tico<\/p>\n<\/li>\n<li data-start=\"2273\" data-end=\"2295\">\n<p data-start=\"2275\" data-end=\"2295\">Vibraci\u00f3n sanadora<\/p>\n<\/li>\n<li data-start=\"2296\" data-end=\"2315\">\n<p data-start=\"2298\" data-end=\"2315\">Sonido arm\u00f3nico<\/p>\n<\/li>\n<li data-start=\"2316\" data-end=\"2335\">\n<p data-start=\"2318\" data-end=\"2335\">Uso terap\u00e9utico<\/p>\n<\/li>\n<\/ul>\n<p data-start=\"802\" data-end=\"824\"><strong data-start=\"802\" data-end=\"822\">Detalles del producto:<\/strong><\/p>\n<ul>\n<li><strong>Materiales<\/strong>: oro, plata, cobre, hierro, esta\u00f1o, plomo y zinc.<\/li>\n<li><strong>T\u00e9cnica<\/strong>: Artesanal.<\/li>\n<li><strong>Estilo<\/strong>: Oriental \/ Zen \/ Espiritual<\/li>\n<li><strong>Uso<\/strong>: meditaci\u00f3n, relajaci\u00f3n profunda, sanaci\u00f3n sonora y reducci\u00f3n del estr\u00e9s.<\/li>\n<li><strong>Dimensiones<\/strong>: 7*13,5 cm.<\/li>\n<li><strong>Peso<\/strong>: 550 gramos<\/li>\n<\/ul>\n","protected":false},"excerpt":{"rendered":"<p>Descripci\u00f3n del Producto : Cuenco de Sonido para Equilibrio de Chakras Cuenco de Sonido para Equilibrio de Chakras, elaborados con una mezcla de metales. Estos instrumentos se utilizan para la meditaci\u00f3n, la curaci\u00f3n y la relajaci\u00f3n. A menudo se elabora a partir de una mezcla tradicional de siete metales, incluidos oro, plata, cobre, hierro, esta\u00f1o, [&#8230;]\n","protected":false},"featured_media":2248,"comment_status":"open","ping_status":"closed","template":"","meta":[],"product_brand":[],"product_cat":[57],"product_tag":[],"class_list":{"0":"post-2319","1":"product","2":"type-product","3":"status-publish","4":"has-post-thumbnail","6":"product_cat-cuenco-tibetano","8":"first","9":"instock","10":"taxable","11":"shipping-taxable","12":"purchasable","13":"product-type-simple"},"jetpack_sharing_enabled":true,"_links":{"self":[{"href":"https:\/\/saskar.store\/en\/wp-json\/wp\/v2\/product\/2319","targetHints":{"allow":["GET"]}}],"collection":[{"href":"https:\/\/saskar.store\/en\/wp-json\/wp\/v2\/product"}],"about":[{"href":"https:\/\/saskar.store\/en\/wp-json\/wp\/v2\/types\/product"}],"replies":[{"embeddable":true,"href":"https:\/\/saskar.store\/en\/wp-json\/wp\/v2\/comments?post=2319"}],"wp:featuredmedia":[{"embeddable":true,"href":"https:\/\/saskar.store\/en\/wp-json\/wp\/v2\/media\/2248"}],"wp:attachment":[{"href":"https:\/\/saskar.store\/en\/wp-json\/wp\/v2\/media?parent=2319"}],"wp:term":[{"taxonomy":"product_brand","embeddable":true,"href":"https:\/\/saskar.store\/en\/wp-json\/wp\/v2\/product_brand?post=2319"},{"taxonomy":"product_cat","embeddable":true,"href":"https:\/\/saskar.store\/en\/wp-json\/wp\/v2\/product_cat?post=2319"},{"taxonomy":"product_tag","embeddable":true,"href":"https:\/\/saskar.store\/en\/wp-json\/wp\/v2\/product_tag?post=2319"}],"curies":[{"name":"wp","href":"https:\/\/api.w.org\/{rel}","templated":true}]}}