{"id":2315,"date":"2026-01-27T15:34:07","date_gmt":"2026-01-27T15:34:07","guid":{"rendered":"https:\/\/saskar.store\/?post_type=product&#038;p=2315"},"modified":"2026-01-27T15:35:56","modified_gmt":"2026-01-27T15:35:56","slug":"cuenco-tibetano-tradicional-de-laton-para-meditacion","status":"publish","type":"product","link":"https:\/\/saskar.store\/en\/product\/cuenco-tibetano-tradicional-de-laton-para-meditacion\/","title":{"rendered":"Cuenco Tibetano Tradicional de Lat\u00f3n para Meditaci\u00f3n"},"content":{"rendered":"<h2>Descripci\u00f3n del Producto : Cuenco Tibetano Tradicional de Lat\u00f3n para Meditaci\u00f3n<\/h2>\n<p>Juego de cuencos tibetanos hechos a mano, elaborados con una mezcla de metales. Estos instrumentos se utilizan para la meditaci\u00f3n, la curaci\u00f3n y la relajaci\u00f3n.<br \/>\nA menudo se elabora a partir de una mezcla tradicional de siete metales, incluidos oro, plata, cobre, hierro, esta\u00f1o, plomo y zinc, cada uno de los cuales representa una influencia planetaria.<br \/>\nProduce un sonido y una vibraci\u00f3n ricos y armoniosos cuando se toca con el mazo (palo) incluido.<br \/>\nSe cree que el sonido y las vibraciones promueven la calma, el alivio del estr\u00e9s y el equilibrio interior.<br \/>\nViene con un coj\u00edn de anillo (base) y un palo de madera (mazo).<\/p>\n<p data-start=\"1013\" data-end=\"1314\">Este cuenco tibetano tradicional produce un sonido c\u00e1lido y armonioso, perfecto para la meditaci\u00f3n diaria. Su vibraci\u00f3n suave ayuda a calmar la mente y mejorar la concentraci\u00f3n. Es una excelente opci\u00f3n tanto para principiantes como para practicantes avanzados de mindfulness y yoga.<\/p>\n<p data-start=\"1316\" data-end=\"1338\"><strong data-start=\"1316\" data-end=\"1336\">Caracter\u00edsticas:<\/strong><\/p>\n<ul data-start=\"1339\" data-end=\"1430\">\n<li data-start=\"1339\" data-end=\"1359\">\n<p data-start=\"1341\" data-end=\"1359\">Tono equilibrado<\/p>\n<\/li>\n<li data-start=\"1360\" data-end=\"1377\">\n<p data-start=\"1362\" data-end=\"1377\">F\u00e1cil de usar<\/p>\n<\/li>\n<li data-start=\"1378\" data-end=\"1405\">\n<p data-start=\"1380\" data-end=\"1405\">Dise\u00f1o cl\u00e1sico tibetano<\/p>\n<\/li>\n<li data-start=\"1406\" data-end=\"1430\">\n<p data-start=\"1408\" data-end=\"1430\">Apto para uso diario<\/p>\n<\/li>\n<\/ul>\n<p data-start=\"802\" data-end=\"824\"><strong>Detalles del producto:<\/strong><\/p>\n<ul>\n<li><strong>Materiales<\/strong>: oro, plata, cobre, hierro, esta\u00f1o, plomo y zinc.<\/li>\n<li><strong>T\u00e9cnica<\/strong>: Artesanal.<\/li>\n<li><strong>Estilo<\/strong>: Oriental \/ Zen \/ Espiritual<\/li>\n<li><strong>Uso<\/strong>: meditaci\u00f3n, relajaci\u00f3n profunda, sanaci\u00f3n sonora y reducci\u00f3n del estr\u00e9s.<\/li>\n<li><strong>Dimensiones<\/strong>: 8*10 cm.<\/li>\n<li><strong>Peso<\/strong>: 250 gramos<\/li>\n<\/ul>\n","protected":false},"excerpt":{"rendered":"<p>Descripci\u00f3n del Producto : Cuenco Tibetano Tradicional de Lat\u00f3n para Meditaci\u00f3n Juego de cuencos tibetanos hechos a mano, elaborados con una mezcla de metales. Estos instrumentos se utilizan para la meditaci\u00f3n, la curaci\u00f3n y la relajaci\u00f3n. A menudo se elabora a partir de una mezcla tradicional de siete metales, incluidos oro, plata, cobre, hierro, esta\u00f1o, [&#8230;]\n","protected":false},"featured_media":2235,"comment_status":"open","ping_status":"closed","template":"","meta":[],"product_brand":[],"product_cat":[57],"product_tag":[],"class_list":{"0":"post-2315","1":"product","2":"type-product","3":"status-publish","4":"has-post-thumbnail","6":"product_cat-cuenco-tibetano","8":"first","9":"instock","10":"taxable","11":"shipping-taxable","12":"purchasable","13":"product-type-simple"},"jetpack_sharing_enabled":true,"_links":{"self":[{"href":"https:\/\/saskar.store\/en\/wp-json\/wp\/v2\/product\/2315","targetHints":{"allow":["GET"]}}],"collection":[{"href":"https:\/\/saskar.store\/en\/wp-json\/wp\/v2\/product"}],"about":[{"href":"https:\/\/saskar.store\/en\/wp-json\/wp\/v2\/types\/product"}],"replies":[{"embeddable":true,"href":"https:\/\/saskar.store\/en\/wp-json\/wp\/v2\/comments?post=2315"}],"wp:featuredmedia":[{"embeddable":true,"href":"https:\/\/saskar.store\/en\/wp-json\/wp\/v2\/media\/2235"}],"wp:attachment":[{"href":"https:\/\/saskar.store\/en\/wp-json\/wp\/v2\/media?parent=2315"}],"wp:term":[{"taxonomy":"product_brand","embeddable":true,"href":"https:\/\/saskar.store\/en\/wp-json\/wp\/v2\/product_brand?post=2315"},{"taxonomy":"product_cat","embeddable":true,"href":"https:\/\/saskar.store\/en\/wp-json\/wp\/v2\/product_cat?post=2315"},{"taxonomy":"product_tag","embeddable":true,"href":"https:\/\/saskar.store\/en\/wp-json\/wp\/v2\/product_tag?post=2315"}],"curies":[{"name":"wp","href":"https:\/\/api.w.org\/{rel}","templated":true}]}}