{"id":2229,"date":"2026-01-27T12:20:26","date_gmt":"2026-01-27T12:20:26","guid":{"rendered":"https:\/\/saskar.store\/?post_type=product&#038;p=2229"},"modified":"2026-01-27T12:20:26","modified_gmt":"2026-01-27T12:20:26","slug":"mascara-decorativa-de-buda-para-pared-escultura-artistica-en-resina","status":"publish","type":"product","link":"https:\/\/saskar.store\/en\/product\/mascara-decorativa-de-buda-para-pared-escultura-artistica-en-resina\/","title":{"rendered":"M\u00e1scara decorativa de Buda para pared \u2013 Escultura art\u00edstica en resina"},"content":{"rendered":"<h2>Descripci\u00f3n del Producto:M\u00e1scara decorativa de Buda para pared \u2013 Escultura art\u00edstica en resina<\/h2>\n<p data-start=\"232\" data-end=\"528\">Elegante <strong data-start=\"241\" data-end=\"284\">m\u00e1scara de Buda para colgar en la pared<\/strong>, elaborada en <strong data-start=\"299\" data-end=\"325\">resina de alta calidad<\/strong> y cuidadosamente pintada a mano. Esta pieza combina arte, espiritualidad y decoraci\u00f3n, convirti\u00e9ndose en un elemento ideal para crear un ambiente de <strong data-start=\"475\" data-end=\"506\">calma, armon\u00eda y meditaci\u00f3n<\/strong> en cualquier espacio.<\/p>\n<p data-start=\"530\" data-end=\"819\">La escultura presenta un <strong data-start=\"555\" data-end=\"586\">rostro sereno y equilibrado<\/strong>, con los ojos semicerrados que simbolizan la paz interior y la sabidur\u00eda. El elaborado tocado, ricamente decorado con detalles en tonos dorados, verdes y rojizos, realza su car\u00e1cter artesanal y aporta un toque ex\u00f3tico y sofisticado.<\/p>\n<p data-start=\"821\" data-end=\"1116\">Cada m\u00e1scara destaca por su <strong data-start=\"849\" data-end=\"870\">acabado detallado<\/strong>, fruto de un trabajo minucioso de pintura y talla, lo que la convierte en una pieza decorativa \u00fanica. Gracias a su dise\u00f1o, es perfecta para colgar en la pared del <strong data-start=\"1034\" data-end=\"1115\">hogar, sala de meditaci\u00f3n, estudio de yoga, spa, oficina o espacio espiritual<\/strong>.<\/p>\n<h3 data-start=\"1924\" data-end=\"1948\"><strong>Detalles del Producto:<\/strong><\/h3>\n<ul data-start=\"1143\" data-end=\"1369\">\n<li data-start=\"1143\" data-end=\"1189\">\n<p data-start=\"1145\" data-end=\"1189\"><strong>Material<\/strong>: Resina resistente y duradera<\/p>\n<\/li>\n<li data-start=\"1190\" data-end=\"1236\">\n<p data-start=\"1192\" data-end=\"1236\"><strong>T\u00e9cnica<\/strong>: Escultura y pintura artesanal<\/p>\n<\/li>\n<li data-start=\"1237\" data-end=\"1266\">\n<p data-start=\"1239\" data-end=\"1266\"><strong>Uso<\/strong>: Decoraci\u00f3n mural<\/p>\n<\/li>\n<li data-start=\"1267\" data-end=\"1310\">\n<p data-start=\"1269\" data-end=\"1310\"><strong>Estilo<\/strong>: Espiritual, oriental, art\u00edstico<\/p>\n<\/li>\n<li data-start=\"1267\" data-end=\"1310\"><strong>Tama\u00f1o:<\/strong> 14 pulgadas de altura<\/li>\n<li data-start=\"1311\" data-end=\"1369\">\n<p data-start=\"1313\" data-end=\"1369\"><strong>Ideal para<\/strong>: Ambientes zen, meditaci\u00f3n, regalo decorativo<\/p>\n<\/li>\n<\/ul>\n<p data-start=\"1371\" data-end=\"1573\">Esta m\u00e1scara de Buda no solo es un objeto decorativo, sino tambi\u00e9n un <strong data-start=\"1441\" data-end=\"1489\">s\u00edmbolo de serenidad, equilibrio y bienestar<\/strong>, ideal para quienes buscan incorporar un toque espiritual y art\u00edstico a su entorno.<\/p>\n","protected":false},"excerpt":{"rendered":"<p>Descripci\u00f3n del Producto:M\u00e1scara decorativa de Buda para pared \u2013 Escultura art\u00edstica en resina Elegante m\u00e1scara de Buda para colgar en la pared, elaborada en resina de alta calidad y cuidadosamente pintada a mano. Esta pieza combina arte, espiritualidad y decoraci\u00f3n, convirti\u00e9ndose en un elemento ideal para crear un ambiente de calma, armon\u00eda y meditaci\u00f3n en [&#8230;]\n","protected":false},"featured_media":2167,"comment_status":"open","ping_status":"closed","template":"","meta":[],"product_brand":[],"product_cat":[56,29],"product_tag":[],"class_list":{"0":"post-2229","1":"product","2":"type-product","3":"status-publish","4":"has-post-thumbnail","6":"product_cat-buda","7":"product_cat-mascara-de-madera","9":"first","10":"instock","11":"taxable","12":"shipping-taxable","13":"purchasable","14":"product-type-simple"},"jetpack_sharing_enabled":true,"_links":{"self":[{"href":"https:\/\/saskar.store\/en\/wp-json\/wp\/v2\/product\/2229","targetHints":{"allow":["GET"]}}],"collection":[{"href":"https:\/\/saskar.store\/en\/wp-json\/wp\/v2\/product"}],"about":[{"href":"https:\/\/saskar.store\/en\/wp-json\/wp\/v2\/types\/product"}],"replies":[{"embeddable":true,"href":"https:\/\/saskar.store\/en\/wp-json\/wp\/v2\/comments?post=2229"}],"wp:featuredmedia":[{"embeddable":true,"href":"https:\/\/saskar.store\/en\/wp-json\/wp\/v2\/media\/2167"}],"wp:attachment":[{"href":"https:\/\/saskar.store\/en\/wp-json\/wp\/v2\/media?parent=2229"}],"wp:term":[{"taxonomy":"product_brand","embeddable":true,"href":"https:\/\/saskar.store\/en\/wp-json\/wp\/v2\/product_brand?post=2229"},{"taxonomy":"product_cat","embeddable":true,"href":"https:\/\/saskar.store\/en\/wp-json\/wp\/v2\/product_cat?post=2229"},{"taxonomy":"product_tag","embeddable":true,"href":"https:\/\/saskar.store\/en\/wp-json\/wp\/v2\/product_tag?post=2229"}],"curies":[{"name":"wp","href":"https:\/\/api.w.org\/{rel}","templated":true}]}}