{"id":1995,"date":"2026-01-24T12:18:31","date_gmt":"2026-01-24T12:18:31","guid":{"rendered":"https:\/\/saskar.store\/?post_type=product&#038;p=1995"},"modified":"2026-01-24T12:18:31","modified_gmt":"2026-01-24T12:18:31","slug":"pantalon-artesanal-etnico-en-multicolor-negro","status":"publish","type":"product","link":"https:\/\/saskar.store\/en\/product\/pantalon-artesanal-etnico-en-multicolor-negro\/","title":{"rendered":"Pantal\u00f3n Artesanal \u00c9tnico en Multicolor Negro"},"content":{"rendered":"<h2>Descripci\u00f3n del Producto: Pantal\u00f3n Artesanal Multicolor Negro<\/h2>\n<p>Este pantal\u00f3n artesanal de inspiraci\u00f3n \u00e9tnica es una explosi\u00f3n de color y personalidad. Elaborado en algod\u00f3n natural, presenta una combinaci\u00f3n vibrante de multicolor negro que evocan calidez,energ\u00eda y autenticidad cultural. Su dise\u00f1o en paneles horizontales crea un equilibrio visual atractivo, ideal para quienes buscan destacar con una prenda original y expresiva.<\/p>\n<div>\n<div>\n<div>\n<div>\n<div>\n<div dir=\"auto\">\n<div>\n<div>\n<p>La tela es ligera, resistente y agradable al tacto, pensada para brindar comodidad durante todo el d\u00eda. Gracias a su corte amplio y recto, este pantal\u00f3n permite una excelente ventilaci\u00f3n y libertad de movimiento, convirti\u00e9ndose en una opci\u00f3n perfecta para climas c\u00e1lidos, paseos al aire libre o actividades art\u00edsticas. La cintura el\u00e1stica con ajuste mediante cord\u00f3n facilita un calce personalizado, adapt\u00e1ndose c\u00f3modamente a diferentes siluetas.<\/p>\n<p>Este modelo es ideal para estilos bohemios, alternativos o casuales, y puede combinarse con prendas lisas para resaltar su dise\u00f1o o con accesorios artesanales para un look m\u00e1s completo. Es una pieza vers\u00e1til que funciona tanto para el uso diario como para ocasiones informales donde se busca comodidad sin perder estilo. Al ser un producto artesanal, cada pantal\u00f3n refleja un proceso de confecci\u00f3n cuidadoso y consciente, aportando car\u00e1cter \u00fanico a cada pieza. Es una prenda pensada para personas creativas, libres y conectadas con la moda \u00e9tica y el dise\u00f1o artesanal.<\/p>\n<\/div>\n<\/div>\n<\/div>\n<\/div>\n<\/div>\n<\/div>\n<\/div>\n<\/div>\n","protected":false},"excerpt":{"rendered":"<p>Descripci\u00f3n del Producto: Pantal\u00f3n Artesanal Multicolor Negro Este pantal\u00f3n artesanal de inspiraci\u00f3n \u00e9tnica es una explosi\u00f3n de color y personalidad. Elaborado en algod\u00f3n natural, presenta una combinaci\u00f3n vibrante de multicolor negro que evocan calidez,energ\u00eda y autenticidad cultural. Su dise\u00f1o en paneles horizontales crea un equilibrio visual atractivo, ideal para quienes buscan destacar con una prenda [&#8230;]\n","protected":false},"featured_media":1980,"comment_status":"open","ping_status":"closed","template":"","meta":[],"product_brand":[],"product_cat":[31,20,26,37],"product_tag":[],"class_list":{"0":"post-1995","1":"product","2":"type-product","3":"status-publish","4":"has-post-thumbnail","6":"product_cat-pantalon","7":"product_cat-hombre","8":"product_cat-mujer","9":"product_cat-pantalones","11":"first","12":"instock","13":"taxable","14":"shipping-taxable","15":"purchasable","16":"product-type-variable"},"jetpack_sharing_enabled":true,"_links":{"self":[{"href":"https:\/\/saskar.store\/en\/wp-json\/wp\/v2\/product\/1995","targetHints":{"allow":["GET"]}}],"collection":[{"href":"https:\/\/saskar.store\/en\/wp-json\/wp\/v2\/product"}],"about":[{"href":"https:\/\/saskar.store\/en\/wp-json\/wp\/v2\/types\/product"}],"replies":[{"embeddable":true,"href":"https:\/\/saskar.store\/en\/wp-json\/wp\/v2\/comments?post=1995"}],"wp:featuredmedia":[{"embeddable":true,"href":"https:\/\/saskar.store\/en\/wp-json\/wp\/v2\/media\/1980"}],"wp:attachment":[{"href":"https:\/\/saskar.store\/en\/wp-json\/wp\/v2\/media?parent=1995"}],"wp:term":[{"taxonomy":"product_brand","embeddable":true,"href":"https:\/\/saskar.store\/en\/wp-json\/wp\/v2\/product_brand?post=1995"},{"taxonomy":"product_cat","embeddable":true,"href":"https:\/\/saskar.store\/en\/wp-json\/wp\/v2\/product_cat?post=1995"},{"taxonomy":"product_tag","embeddable":true,"href":"https:\/\/saskar.store\/en\/wp-json\/wp\/v2\/product_tag?post=1995"}],"curies":[{"name":"wp","href":"https:\/\/api.w.org\/{rel}","templated":true}]}}