{"id":1938,"date":"2026-01-24T11:11:20","date_gmt":"2026-01-24T11:11:20","guid":{"rendered":"https:\/\/saskar.store\/?post_type=product&#038;p=1938"},"modified":"2026-01-24T11:26:31","modified_gmt":"2026-01-24T11:26:31","slug":"pantalon-harem-hippie-gris-y-celeste","status":"publish","type":"product","link":"https:\/\/saskar.store\/en\/product\/pantalon-harem-hippie-gris-y-celeste\/","title":{"rendered":"Pantal\u00f3n Harem Hippie &#8211; Gris y Celeste"},"content":{"rendered":"<h2>Descripci\u00f3n del Producto : Pantal\u00f3n Harem Hippie &#8211; Gris y Celeste<\/h2>\n<p>Descubre la combinaci\u00f3n perfecta entre\u00a0comodidad, estilo y libertad de movimiento\u00a0con nuestro\u00a0pantal\u00f3n harem hippie unisex de algod\u00f3n, ideal para el d\u00eda a d\u00eda, yoga, meditaci\u00f3n, viajes o simplemente para un look relajado y bohemio.<\/p>\n<p>Fabricado en\u00a0algod\u00f3n suave y transpirable, este pantal\u00f3n es ligero y c\u00f3modo incluso en climas c\u00e1lidos. Su dise\u00f1o holgado permite una excelente ventilaci\u00f3n y total libertad de movimiento, mientras que la\u00a0cintura el\u00e1stica con cord\u00f3n ajustable\u00a0se adapta f\u00e1cilmente a diferentes tallas y tipos de cuerpo. Los\u00a0tobillos con el\u00e1stico\u00a0aportan un ajuste c\u00f3modo y un estilo moderno tipo jogger.<\/p>\n<p>El dise\u00f1o en\u00a0bloques de color y tonos degradados\u00a0le da un toque artesanal y aut\u00e9ntico, muy popular en la moda\u00a0hippie, boho y festivalera. Cada pieza tiene un estilo \u00fanico que combina f\u00e1cilmente con camisetas b\u00e1sicas, tops, sudaderas o ropa espiritual.<\/p>\n<ul>\n<li>Material: 100% algod\u00f3n transpirable<\/li>\n<li>\u00a0Estilo: Harem \/ Hippie \/ Boho<\/li>\n<li>\u00a0Unisex \u2013 v\u00e1lido para hombres y mujeres<\/li>\n<li>\u00a0Cintura el\u00e1stica con cord\u00f3n ajustable<\/li>\n<li>\u00a0Tobillos con el\u00e1stico para mejor ajuste<\/li>\n<li>\u00a0Ideal para yoga, meditaci\u00f3n, viajes, playa y uso diario<\/li>\n<li>\u00a0Ligero, fresco y muy c\u00f3modo<\/li>\n<\/ul>\n","protected":false},"excerpt":{"rendered":"<p>Descripci\u00f3n del Producto : Pantal\u00f3n Harem Hippie &#8211; Gris y Celeste Descubre la combinaci\u00f3n perfecta entre\u00a0comodidad, estilo y libertad de movimiento\u00a0con nuestro\u00a0pantal\u00f3n harem hippie unisex de algod\u00f3n, ideal para el d\u00eda a d\u00eda, yoga, meditaci\u00f3n, viajes o simplemente para un look relajado y bohemio. Fabricado en\u00a0algod\u00f3n suave y transpirable, este pantal\u00f3n es ligero y c\u00f3modo [&#8230;]\n","protected":false},"featured_media":228,"comment_status":"open","ping_status":"closed","template":"","meta":[],"product_brand":[],"product_cat":[37,20,26,31],"product_tag":[],"class_list":{"0":"post-1938","1":"product","2":"type-product","3":"status-publish","4":"has-post-thumbnail","6":"product_cat-pantalones","7":"product_cat-hombre","8":"product_cat-mujer","9":"product_cat-pantalon","11":"first","12":"instock","13":"taxable","14":"shipping-taxable","15":"purchasable","16":"product-type-variable"},"jetpack_sharing_enabled":true,"_links":{"self":[{"href":"https:\/\/saskar.store\/en\/wp-json\/wp\/v2\/product\/1938","targetHints":{"allow":["GET"]}}],"collection":[{"href":"https:\/\/saskar.store\/en\/wp-json\/wp\/v2\/product"}],"about":[{"href":"https:\/\/saskar.store\/en\/wp-json\/wp\/v2\/types\/product"}],"replies":[{"embeddable":true,"href":"https:\/\/saskar.store\/en\/wp-json\/wp\/v2\/comments?post=1938"}],"wp:featuredmedia":[{"embeddable":true,"href":"https:\/\/saskar.store\/en\/wp-json\/wp\/v2\/media\/228"}],"wp:attachment":[{"href":"https:\/\/saskar.store\/en\/wp-json\/wp\/v2\/media?parent=1938"}],"wp:term":[{"taxonomy":"product_brand","embeddable":true,"href":"https:\/\/saskar.store\/en\/wp-json\/wp\/v2\/product_brand?post=1938"},{"taxonomy":"product_cat","embeddable":true,"href":"https:\/\/saskar.store\/en\/wp-json\/wp\/v2\/product_cat?post=1938"},{"taxonomy":"product_tag","embeddable":true,"href":"https:\/\/saskar.store\/en\/wp-json\/wp\/v2\/product_tag?post=1938"}],"curies":[{"name":"wp","href":"https:\/\/api.w.org\/{rel}","templated":true}]}}