{"id":1910,"date":"2026-01-23T12:59:48","date_gmt":"2026-01-23T12:59:48","guid":{"rendered":"https:\/\/saskar.store\/?post_type=product&#038;p=1910"},"modified":"2026-01-25T11:00:35","modified_gmt":"2026-01-25T11:00:35","slug":"mono-multicolor-de-peto-estilo-casual-comodo","status":"publish","type":"product","link":"https:\/\/saskar.store\/en\/product\/mono-multicolor-de-peto-estilo-casual-comodo\/","title":{"rendered":"Mono Multicolor de Peto &#8211; Estilo Casual y C\u00f3modo &#8211; P\u00farpura"},"content":{"rendered":"<h2>Descripci\u00f3n del Producto : Mono Multicolor de Peto &#8211; Estilo Casual y C\u00f3modo<\/h2>\n<p>Peto multicolor de algod\u00f3n y lino que combina tonos marrones, morados y gris oscuro. Ideal para un look casual y moderno, con un dise\u00f1o \u00fanico que incluye un bolsillo frontal en contraste y botones laterales para un mejor ajuste. Perfecto para primavera y verano, ofrece comodidad y estilo.<\/p>\n<div>Monos de algod\u00f3n nepal\u00ed hechos a mano<\/div>\n<div><\/div>\n<div>&#8211; 100 % algod\u00f3n Hecho a mano en Nepal<\/div>\n<div>&#8211; Corte recto<\/div>\n<div>&#8211; 5 bolsillos<\/div>\n<div>&#8211; Tirantes ajustables con botones<\/div>\n<div>&#8211; Corte recto<\/div>\n<div><\/div>\n<div>\u00a1Los colores adicionales que se muestran en las im\u00e1genes corresponden al mismo estilo de mono!<\/div>\n","protected":false},"excerpt":{"rendered":"<p>Descripci\u00f3n del Producto : Mono Multicolor de Peto &#8211; Estilo Casual y C\u00f3modo Peto multicolor de algod\u00f3n y lino que combina tonos marrones, morados y gris oscuro. Ideal para un look casual y moderno, con un dise\u00f1o \u00fanico que incluye un bolsillo frontal en contraste y botones laterales para un mejor ajuste. Perfecto para primavera [&#8230;]\n","protected":false},"featured_media":709,"comment_status":"open","ping_status":"closed","template":"","meta":[],"product_brand":[],"product_cat":[20,26,31,37],"product_tag":[],"class_list":{"0":"post-1910","1":"product","2":"type-product","3":"status-publish","4":"has-post-thumbnail","6":"product_cat-hombre","7":"product_cat-mujer","8":"product_cat-pantalon","9":"product_cat-pantalones","11":"first","12":"instock","13":"taxable","14":"shipping-taxable","15":"purchasable","16":"product-type-variable"},"jetpack_sharing_enabled":true,"_links":{"self":[{"href":"https:\/\/saskar.store\/en\/wp-json\/wp\/v2\/product\/1910","targetHints":{"allow":["GET"]}}],"collection":[{"href":"https:\/\/saskar.store\/en\/wp-json\/wp\/v2\/product"}],"about":[{"href":"https:\/\/saskar.store\/en\/wp-json\/wp\/v2\/types\/product"}],"replies":[{"embeddable":true,"href":"https:\/\/saskar.store\/en\/wp-json\/wp\/v2\/comments?post=1910"}],"wp:featuredmedia":[{"embeddable":true,"href":"https:\/\/saskar.store\/en\/wp-json\/wp\/v2\/media\/709"}],"wp:attachment":[{"href":"https:\/\/saskar.store\/en\/wp-json\/wp\/v2\/media?parent=1910"}],"wp:term":[{"taxonomy":"product_brand","embeddable":true,"href":"https:\/\/saskar.store\/en\/wp-json\/wp\/v2\/product_brand?post=1910"},{"taxonomy":"product_cat","embeddable":true,"href":"https:\/\/saskar.store\/en\/wp-json\/wp\/v2\/product_cat?post=1910"},{"taxonomy":"product_tag","embeddable":true,"href":"https:\/\/saskar.store\/en\/wp-json\/wp\/v2\/product_tag?post=1910"}],"curies":[{"name":"wp","href":"https:\/\/api.w.org\/{rel}","templated":true}]}}