{"id":1883,"date":"2026-01-23T10:56:39","date_gmt":"2026-01-23T10:56:39","guid":{"rendered":"https:\/\/saskar.store\/?post_type=product&#038;p=1883"},"modified":"2026-01-24T11:41:46","modified_gmt":"2026-01-24T11:41:46","slug":"pantalon-falda-mariposa-mujer-roja","status":"publish","type":"product","link":"https:\/\/saskar.store\/en\/product\/pantalon-falda-mariposa-mujer-roja\/","title":{"rendered":"Pantal\u00f3n Falda Mariposa- Mujer-Roja"},"content":{"rendered":"<h2 id=\"tw-target-text\" class=\"tw-data-text tw-text-large tw-ta\" dir=\"ltr\" tabindex=\"-1\" role=\"text\" data-placeholder=\"Traducci\u00f3n\" data-ved=\"2ahUKEwiF08SNwJySAxUZT6QEHfqVE88Q3ewLegQIDBAW\" aria-label=\"Texto traducido: Descripci\u00f3n del Producto\"><span class=\"Y2IQFc\" lang=\"es\">Descripci\u00f3n del Producto:<\/span><\/h2>\n<h2>Pantal\u00f3n Falda Mariposa- Mujer-Roja<\/h2>\n<p style=\"font-weight: 400;\">Pantal\u00f3n artesanal de estilo \u00e9tnico, confeccionado en algod\u00f3n ligero y c\u00f3modo.Cuenta con cintura ajustable con cordones, lo que permite un ajuste c\u00f3modo a diferentes tallas.U<span class=\"Y2IQFc\" lang=\"es\">n bolsillo con cremallera en el lado derecho.<\/span><\/p>\n<p style=\"font-weight: 400;\">Dise\u00f1o amplio tipo pantal\u00f3n cruzado \/ harem, ideal para uso diario, yoga, meditaci\u00f3n o climas c\u00e1lidos<\/p>\n<p style=\"font-weight: 400;\">Presenta paneles superpuestos al frente con bordes decorados y bordados artesanales en cintura y terminaciones, aportando un toque bohemio y original. Disponible en varias combinaciones de colores con franjas horizontales, cada modelo con un estilo \u00fanico.<\/p>\n<p style=\"font-weight: 400;\">Tela fresca, suave y transpirable, perfecta para quienes buscan comodidad sin perder estilo.<\/p>\n","protected":false},"excerpt":{"rendered":"<p>Descripci\u00f3n del Producto: Pantal\u00f3n Falda Mariposa- Mujer-Roja Pantal\u00f3n artesanal de estilo \u00e9tnico, confeccionado en algod\u00f3n ligero y c\u00f3modo.Cuenta con cintura ajustable con cordones, lo que permite un ajuste c\u00f3modo a diferentes tallas.Un bolsillo con cremallera en el lado derecho. Dise\u00f1o amplio tipo pantal\u00f3n cruzado \/ harem, ideal para uso diario, yoga, meditaci\u00f3n o climas c\u00e1lidos [&#8230;]\n","protected":false},"featured_media":1884,"comment_status":"open","ping_status":"closed","template":"","meta":[],"product_brand":[],"product_cat":[26,37],"product_tag":[],"class_list":{"0":"post-1883","1":"product","2":"type-product","3":"status-publish","4":"has-post-thumbnail","6":"product_cat-mujer","7":"product_cat-pantalones","9":"first","10":"instock","11":"taxable","12":"shipping-taxable","13":"purchasable","14":"product-type-variable"},"jetpack_sharing_enabled":true,"_links":{"self":[{"href":"https:\/\/saskar.store\/en\/wp-json\/wp\/v2\/product\/1883","targetHints":{"allow":["GET"]}}],"collection":[{"href":"https:\/\/saskar.store\/en\/wp-json\/wp\/v2\/product"}],"about":[{"href":"https:\/\/saskar.store\/en\/wp-json\/wp\/v2\/types\/product"}],"replies":[{"embeddable":true,"href":"https:\/\/saskar.store\/en\/wp-json\/wp\/v2\/comments?post=1883"}],"wp:featuredmedia":[{"embeddable":true,"href":"https:\/\/saskar.store\/en\/wp-json\/wp\/v2\/media\/1884"}],"wp:attachment":[{"href":"https:\/\/saskar.store\/en\/wp-json\/wp\/v2\/media?parent=1883"}],"wp:term":[{"taxonomy":"product_brand","embeddable":true,"href":"https:\/\/saskar.store\/en\/wp-json\/wp\/v2\/product_brand?post=1883"},{"taxonomy":"product_cat","embeddable":true,"href":"https:\/\/saskar.store\/en\/wp-json\/wp\/v2\/product_cat?post=1883"},{"taxonomy":"product_tag","embeddable":true,"href":"https:\/\/saskar.store\/en\/wp-json\/wp\/v2\/product_tag?post=1883"}],"curies":[{"name":"wp","href":"https:\/\/api.w.org\/{rel}","templated":true}]}}