{"id":1648,"date":"2026-01-12T13:23:26","date_gmt":"2026-01-12T13:23:26","guid":{"rendered":"https:\/\/saskar.store\/?post_type=product&#038;p=1648"},"modified":"2026-02-12T10:47:20","modified_gmt":"2026-02-12T10:47:20","slug":"chaqueta-de-invierno-de-algodon-gheri-hecha-a-mano-sudadera-con-capucha-tribal-tradicional-nepali-abrigo-hippie-bohemio-con-forro-polar-con-cierres-de-palanca","status":"publish","type":"product","link":"https:\/\/saskar.store\/en\/product\/chaqueta-de-invierno-de-algodon-gheri-hecha-a-mano-sudadera-con-capucha-tribal-tradicional-nepali-abrigo-hippie-bohemio-con-forro-polar-con-cierres-de-palanca\/","title":{"rendered":"Chaqueta de invierno de algod\u00f3n Gheri hecha a mano \u2013 Sudadera con capucha tribal tradicional nepal\u00ed \u2013 Abrigo hippie bohemio con forro polar con cierres de palanca"},"content":{"rendered":"<h2>Descripci\u00f3n del Producto :\u00a0 Sudadera con capucha tribal tradicional nepal\u00ed<\/h2>\n<p>Abraza la calidez del Himalaya con esta aut\u00e9ntica chaqueta de algod\u00f3n Gheri hecha a mano. Meticulosamente confeccionada por expertos artesanos en Nepal, esta sudadera con capucha de invierno combina la est\u00e9tica tradicional tribal y pahadi con la comodidad moderna, lo que la convierte en una pieza destacada para cualquier guardarropa bohemio.<\/p>\n<h2>Presupuesto:<\/h2>\n<ul>\n<li><strong>Material<\/strong>: 100% algod\u00f3n tejido Gheri con un suave forro polar\/poli\u00e9ster.<\/li>\n<li><strong>Estilo<\/strong>: tradicional nepal\u00ed\/hippie bohemio.<\/li>\n<li><strong>Cierre<\/strong>: botones frontales y costuras de alta calidad para mayor durabilidad.<br \/>\nInvita hoy el esp\u00edritu de las monta\u00f1as a tu hogar con esta pieza esencial de arte \u00e9tnico funcional.<\/li>\n<\/ul>\n<h2>Secado y planchado<\/h2>\n<ul>\n<li><strong>Secar al aire \u00fanicamente:<\/strong> coloque la chaqueta sobre una rejilla de secado o cu\u00e9lguela en un \u00e1rea sombreada. No lo seque en secadora, ya que el calor alto encoger\u00e1 el algod\u00f3n Gheri y da\u00f1ar\u00e1 el forro polar.<\/li>\n<li><strong>Evite la luz solar directa:<\/strong> la exposici\u00f3n prolongada a la luz solar intensa puede hacer que los colores vibrantes se desvanezcan con el tiempo.<\/li>\n<li><strong>Plancha tibia:<\/strong> si es necesario, use una plancha tibia solo en la capa exterior de algod\u00f3n. No planche el forro polar ni los adornos decorativos.<\/li>\n<\/ul>\n<h2>Consejos de mantenimiento<\/h2>\n<ul>\n<li><strong>Cuidado de las palancas:<\/strong> revise peri\u00f3dicamente las palancas de madera y los bucles reforzados para asegurarse de que permanezcan seguros.<\/li>\n<li><strong>lmacenamiento<\/strong>: Almacenar en un lugar fresco y seco. Dado que el papel Lokta y el algod\u00f3n natural son transpirables, evite guardarlos en bolsas de pl\u00e1stico herm\u00e9ticas durante per\u00edodos prolongados para evitar la acumulaci\u00f3n de humedad.<\/li>\n<\/ul>\n<p>Para mantener los colores vibrantes y la integridad estructural de su chaqueta de algod\u00f3n Gheri hecha a mano, siga estas instrucciones de cuidado espec\u00edficas<\/p>\n<h2>Instrucciones de lavado<\/h2>\n<ul>\n<li><strong>Se recomienda lavar a mano<\/strong>: durante los primeros lavados, lavar a mano por separado en agua fr\u00eda. Esto evita que el color se desvanezca debido a los tintes naturales y protege el tejido artesanal.<\/li>\n<li><strong>Detergente suave<\/strong>: Utilice un detergente l\u00edquido suave y ecol\u00f3gico. Evite los productos qu\u00edmicos agresivos o la lej\u00eda, que pueden debilitar las fibras naturales del algod\u00f3n y desvanecer los patrones tribales.<\/li>\n<li><strong>Lavado a m\u00e1quina :<\/strong> si usa una m\u00e1quina, seleccione el ciclo delicado o lavado a mano con agua fr\u00eda y coloque la chaqueta dentro de una bolsa de malla para ropa sucia para proteger las palancas de madera<\/li>\n<\/ul>\n<h2>Caracter\u00edsticas y beneficios clave:<\/h2>\n<ul>\n<li><strong>Artesan\u00eda artesanal del Himalaya:<\/strong> Cada chaqueta est\u00e1 hecha a mano de forma \u00fanica utilizando t\u00e9cnicas de tejido tradicionales nepalesas, con patrones vibrantes inspirados en Kullu a lo largo del borde para una apariencia verdaderamente \u00e9tnica.<\/li>\n<li><strong>Calor invernal supremo:<\/strong> Dise\u00f1ado para climas fr\u00edos, este abrigo est\u00e1 completamente forrado de lana para un aislamiento excepcional, lo que garantiza que se mantenga c\u00f3modo durante festivales al aire libre o paseos invernales.<\/li>\n<li><strong>Comercio justo y sostenible:<\/strong> elaborado con algod\u00f3n sostenible de alta calidad, su compra respalda pr\u00e1cticas \u00e9ticas de comercio justo y la preservaci\u00f3n de las antiguas tradiciones de monta\u00f1a.<\/li>\n<li><strong>Dise\u00f1o funcional:<\/strong> cuenta con cierres de palanca de madera tradicionales para una sensaci\u00f3n r\u00fastica, una amplia capucha tipo duendecillo y pr\u00e1cticos bolsillos laterales para mantener seguros sus elementos esenciales.<\/li>\n<li><strong>Ajuste relajado unisex:<\/strong> su dise\u00f1o c\u00f3modo y holgado lo convierte en una opci\u00f3n vers\u00e1til tanto para hombres como para mujeres, perfecta para combinar con sus conjuntos bohemios favoritos.<\/li>\n<\/ul>\n","protected":false},"excerpt":{"rendered":"<p>Descripci\u00f3n del Producto :\u00a0 Sudadera con capucha tribal tradicional nepal\u00ed Abraza la calidez del Himalaya con esta aut\u00e9ntica chaqueta de algod\u00f3n Gheri hecha a mano. Meticulosamente confeccionada por expertos artesanos en Nepal, esta sudadera con capucha de invierno combina la est\u00e9tica tradicional tribal y pahadi con la comodidad moderna, lo que la convierte en una [&#8230;]\n","protected":false},"featured_media":1619,"comment_status":"open","ping_status":"closed","template":"","meta":[],"product_brand":[],"product_cat":[34,35,20,26],"product_tag":[],"class_list":{"0":"post-1648","1":"product","2":"type-product","3":"status-publish","4":"has-post-thumbnail","6":"product_cat-jackets","7":"product_cat-chaquetas","8":"product_cat-hombre","9":"product_cat-mujer","11":"first","12":"instock","13":"taxable","14":"shipping-taxable","15":"purchasable","16":"product-type-variable"},"jetpack_sharing_enabled":true,"_links":{"self":[{"href":"https:\/\/saskar.store\/en\/wp-json\/wp\/v2\/product\/1648","targetHints":{"allow":["GET"]}}],"collection":[{"href":"https:\/\/saskar.store\/en\/wp-json\/wp\/v2\/product"}],"about":[{"href":"https:\/\/saskar.store\/en\/wp-json\/wp\/v2\/types\/product"}],"replies":[{"embeddable":true,"href":"https:\/\/saskar.store\/en\/wp-json\/wp\/v2\/comments?post=1648"}],"wp:featuredmedia":[{"embeddable":true,"href":"https:\/\/saskar.store\/en\/wp-json\/wp\/v2\/media\/1619"}],"wp:attachment":[{"href":"https:\/\/saskar.store\/en\/wp-json\/wp\/v2\/media?parent=1648"}],"wp:term":[{"taxonomy":"product_brand","embeddable":true,"href":"https:\/\/saskar.store\/en\/wp-json\/wp\/v2\/product_brand?post=1648"},{"taxonomy":"product_cat","embeddable":true,"href":"https:\/\/saskar.store\/en\/wp-json\/wp\/v2\/product_cat?post=1648"},{"taxonomy":"product_tag","embeddable":true,"href":"https:\/\/saskar.store\/en\/wp-json\/wp\/v2\/product_tag?post=1648"}],"curies":[{"name":"wp","href":"https:\/\/api.w.org\/{rel}","templated":true}]}}