{"id":1617,"date":"2026-01-12T12:57:34","date_gmt":"2026-01-12T12:57:34","guid":{"rendered":"https:\/\/saskar.store\/?post_type=product&#038;p=1617"},"modified":"2026-02-12T10:31:17","modified_gmt":"2026-02-12T10:31:17","slug":"autentica-sudadera-con-capucha-mexicana-baja-jersey-tejido-a-rayas-poncho-de-surf-hippie-unisex-con-bolsillo-canguro","status":"publish","type":"product","link":"https:\/\/saskar.store\/en\/product\/autentica-sudadera-con-capucha-mexicana-baja-jersey-tejido-a-rayas-poncho-de-surf-hippie-unisex-con-bolsillo-canguro\/","title":{"rendered":"Aut\u00e9ntica sudadera con capucha mexicana Baja \u2013 Jersey tejido a rayas \u2013 Poncho de surf hippie unisex con bolsillo canguro"},"content":{"rendered":"<h2>Descripci\u00f3n del Producto : Aut\u00e9ntica sudadera con capucha mexicana Baja \u2013 Jersey tejido a rayas \u2013 Poncho de surf hippie unisex con bolsillo canguro<\/h2>\n<p>Abraza el estilo de vida relajado de los surfistas con esta cl\u00e1sica sudadera con capucha mexicana Baja. Meticulosamente tejido a mano por expertos artesanos, este su\u00e9ter ic\u00f3nico combina un estilo bohemio atemporal con una comodidad robusta y respetuosa con el medio ambiente. Su distintivo estampado de rayas blancas y negras y su silueta relajada lo convierten en un elemento b\u00e1sico vers\u00e1til para festivales, hogueras en la playa o ropa informal de todos los d\u00edas.<\/p>\n<h2>Presupuesto:<\/h2>\n<ul>\n<li><strong>Estilo<\/strong>: Jersey tradicional Baja\/Jerga.<\/li>\n<li><strong>Dise\u00f1o<\/strong>: Rayas Geom\u00e9tricas Verticales.<\/li>\n<li><strong>Material<\/strong>: Mezcla de algod\u00f3n o acr\u00edlico transpirable.<\/li>\n<\/ul>\n<p>Lleve hoy a casa el esp\u00edritu de la costa surfera mexicana con esta pieza esencial de arte popular funcional.<\/p>\n<h2>Caracter\u00edsticas y beneficios clave:<\/h2>\n<ul>\n<li><strong>Artesan\u00eda artesanal:<\/strong> tejido a mano en M\u00e9xico utilizando una mezcla duradera de fibras, a menudo con hilos ecol\u00f3gicos reciclados para una elecci\u00f3n respetuosa con el medio ambiente.<\/li>\n<li><strong>Dise\u00f1o exclusivo:<\/strong> presenta un escote en V cl\u00e1sico, capucha ajustable y un espacioso bolsillo canguro frontal para mantener las manos calientes o guardar lo esencial.<\/li>\n<li><strong>Ajuste relajado unisex:<\/strong> dise\u00f1ado con un corte holgado y c\u00f3modo que se adapta a todo tipo de cuerpo, lo que lo convierte en un regalo perfecto tanto para hombres como para mujeres.<\/li>\n<li><strong>Interior cepillado:<\/strong> el forro interior est\u00e1 especialmente cepillado para brindar una sensaci\u00f3n extra suave contra la piel, brindando calidez y comodidad en los d\u00edas fr\u00edos.<\/li>\n<li><strong>Duraderas y de bajo mantenimiento<\/strong>: dise\u00f1adas para durar, estas sudaderas con capucha son conocidas por su resistencia y car\u00e1cter, adquiriendo un aspecto vintage \u00fanico con el tiempo.<\/li>\n<\/ul>\n","protected":false},"excerpt":{"rendered":"<p>Descripci\u00f3n del Producto : Aut\u00e9ntica sudadera con capucha mexicana Baja \u2013 Jersey tejido a rayas \u2013 Poncho de surf hippie unisex con bolsillo canguro Abraza el estilo de vida relajado de los surfistas con esta cl\u00e1sica sudadera con capucha mexicana Baja. Meticulosamente tejido a mano por expertos artesanos, este su\u00e9ter ic\u00f3nico combina un estilo bohemio [&#8230;]\n","protected":false},"featured_media":1618,"comment_status":"open","ping_status":"closed","template":"","meta":[],"product_brand":[],"product_cat":[30,20,26,38],"product_tag":[],"class_list":{"0":"post-1617","1":"product","2":"type-product","3":"status-publish","4":"has-post-thumbnail","6":"product_cat-hoodies-and-sweaters","7":"product_cat-hombre","8":"product_cat-mujer","9":"product_cat-sudaderas-y-sueteres","11":"first","12":"instock","13":"taxable","14":"shipping-taxable","15":"purchasable","16":"product-type-variable"},"jetpack_sharing_enabled":true,"_links":{"self":[{"href":"https:\/\/saskar.store\/en\/wp-json\/wp\/v2\/product\/1617","targetHints":{"allow":["GET"]}}],"collection":[{"href":"https:\/\/saskar.store\/en\/wp-json\/wp\/v2\/product"}],"about":[{"href":"https:\/\/saskar.store\/en\/wp-json\/wp\/v2\/types\/product"}],"replies":[{"embeddable":true,"href":"https:\/\/saskar.store\/en\/wp-json\/wp\/v2\/comments?post=1617"}],"wp:featuredmedia":[{"embeddable":true,"href":"https:\/\/saskar.store\/en\/wp-json\/wp\/v2\/media\/1618"}],"wp:attachment":[{"href":"https:\/\/saskar.store\/en\/wp-json\/wp\/v2\/media?parent=1617"}],"wp:term":[{"taxonomy":"product_brand","embeddable":true,"href":"https:\/\/saskar.store\/en\/wp-json\/wp\/v2\/product_brand?post=1617"},{"taxonomy":"product_cat","embeddable":true,"href":"https:\/\/saskar.store\/en\/wp-json\/wp\/v2\/product_cat?post=1617"},{"taxonomy":"product_tag","embeddable":true,"href":"https:\/\/saskar.store\/en\/wp-json\/wp\/v2\/product_tag?post=1617"}],"curies":[{"name":"wp","href":"https:\/\/api.w.org\/{rel}","templated":true}]}}