{"id":1579,"date":"2026-01-10T13:55:03","date_gmt":"2026-01-10T13:55:03","guid":{"rendered":"https:\/\/saskar.store\/?post_type=product&#038;p=1579"},"modified":"2026-02-12T13:06:44","modified_gmt":"2026-02-12T13:06:44","slug":"gongtibetan-handmadewind-gong-flat-gong-0001","status":"publish","type":"product","link":"https:\/\/saskar.store\/en\/product\/gongtibetan-handmadewind-gong-flat-gong-0001\/","title":{"rendered":"Gong Chau de mandala \u2013 Instrumento de Sanaci\u00f3n Sonora para Equilibrio Energ\u00e9tico"},"content":{"rendered":"<h2>Descripci\u00f3n del Producto : Gong Chau de mandala \u2013 Instrumento de Sanaci\u00f3n Sonora para Equilibrio Energ\u00e9tico<\/h2>\n<p>Transforma tu espacio en un santuario de tranquilidad con este\u00a0<strong class=\"Yjhzub\" data-complete=\"true\" data-processed=\"true\">Gong de Viento Tibetano<\/strong>, una obra maestra de la artesan\u00eda del Himalaya. Cada gong es martillado e grabado individualmente a mano por maestros artesanos en Nepal, utilizando aleaciones de bronce tradicionales para garantizar una calidad tonal superior.<\/p>\n<h3 class=\"Y3BBE\" data-hveid=\"CAEICRAA\" data-complete=\"true\" data-processed=\"true\">Especificaciones:<\/h3>\n<ul class=\"KsbFXc U6u95\" data-complete=\"true\" data-processed=\"true\">\n<li data-hveid=\"CAEIChAA\" data-complete=\"true\" data-sae=\"\"><span class=\"T286Pc\" data-sfc-cp=\"\" data-complete=\"true\"><strong class=\"Yjhzub\" data-complete=\"true\">Material:<\/strong>\u00a0Bronce de alta calidad martillado a mano.<\/span><\/li>\n<li data-hveid=\"CAEIChAB\" data-complete=\"true\" data-sae=\"\"><span class=\"T286Pc\" data-sfc-cp=\"\" data-complete=\"true\"><strong class=\"Yjhzub\" data-complete=\"true\">Dise\u00f1o:<\/strong>\u00a0Estilo Chau con punto central negro y borde exterior oscuro.<\/span><\/li>\n<li data-hveid=\"CAEIChAC\" data-complete=\"true\" data-sae=\"\"><span class=\"T286Pc\" data-sfc-cp=\"\" data-complete=\"true\"><strong class=\"Yjhzub\" data-complete=\"true\">Aplicaci\u00f3n:<\/strong>\u00a0Meditaci\u00f3n, terapia de sonido, yoga, orquestas y decoraci\u00f3n zen.<\/span><\/li>\n<\/ul>\n<div class=\"Y3BBE\" data-sfc-cp=\"\" data-hveid=\"CAEICxAA\" data-complete=\"true\" data-processed=\"true\">Incorpora la m\u00edstica del Lejano Oriente y una vibraci\u00f3n sanadora a tu espacio hoy mismo.<\/div>\n<h3 class=\"Y3BBE\" data-hveid=\"CAEICxAA\" data-complete=\"true\" data-processed=\"true\">Caracter\u00edsticas y beneficios clave:<\/h3>\n<ul class=\"KsbFXc U6u95\" data-processed=\"true\" data-complete=\"true\">\n<li data-hveid=\"CAEICBAA\" data-complete=\"true\" data-sae=\"\"><span class=\"T286Pc\" data-sfc-cp=\"\" data-complete=\"true\"><strong class=\"Yjhzub\" data-complete=\"true\">Dise\u00f1o Sagrado de Mandala:<\/strong>\u00a0El gong presenta un intrincado grabado central de un\u00a0<strong class=\"Yjhzub\" data-complete=\"true\">Mandala Vajra<\/strong>\u00a0o la\u00a0<strong class=\"Yjhzub\" data-complete=\"true\">Flor de la Vida<\/strong>, rodeado de s\u00edmbolos auspiciosos (<em class=\"eujQNb\" data-complete=\"true\">Ashtamangala<\/em>) que representan la purificaci\u00f3n y la iluminaci\u00f3n.<\/span><\/li>\n<li data-hveid=\"CAEICBAB\" data-complete=\"true\" data-sae=\"\"><span class=\"T286Pc\" data-sfc-cp=\"\" data-complete=\"true\"><strong class=\"Yjhzub\" data-complete=\"true\">Resonancia para Sanaci\u00f3n Sonora:<\/strong>\u00a0Conocido como &#8220;viento&#8221; o gong plano, este instrumento produce una onda expansiva de sonidos arm\u00f3nicos y vibraciones profundas que ayudan a alinear los\u00a0<strong class=\"Yjhzub\" data-complete=\"true\">chakras<\/strong>\u00a0y liberar bloqueos energ\u00e9ticos.<\/span><\/li>\n<li data-hveid=\"CAEICBAC\" data-complete=\"true\" data-sae=\"\"><span class=\"T286Pc\" data-sfc-cp=\"\" data-complete=\"true\"><strong class=\"Yjhzub\" data-complete=\"true\">Artesan\u00eda de Nepal:<\/strong>\u00a0Hecho a mano con una aleaci\u00f3n de bronce de alta calidad, ofreciendo una durabilidad excepcional y una p\u00e1tina que se vuelve m\u00e1s hermosa con el tiempo.<\/span><\/li>\n<li data-hveid=\"CAEICBAD\" data-complete=\"true\" data-sae=\"\"><span class=\"T286Pc\" data-sfc-cp=\"\" data-complete=\"true\"><strong class=\"Yjhzub\" data-complete=\"true\">Versatilidad Espiritual:<\/strong>\u00a0Ideal para\u00a0<strong class=\"Yjhzub\" data-complete=\"true\">ba\u00f1os de sonido<\/strong>, sesiones de yoga, ceremonias de meditaci\u00f3n o como una pieza decorativa de lujo que irradia energ\u00eda positiva en cualquier habitaci\u00f3n.<\/span><\/li>\n<li data-hveid=\"CAEICBAE\" data-complete=\"true\" data-sae=\"\"><span class=\"T286Pc\" data-sfc-cp=\"\" data-complete=\"true\" aria-owns=\"action-menu-parent-container\"><strong class=\"Yjhzub\" data-complete=\"true\">Calidad de Sonido \u00danica:<\/strong>\u00a0Al ser una pieza artesanal, cada gong posee una voz y una frecuencia \u00fanicas, permitiendo a los terapeutas de sonido crear experiencias inmersivas y personalizadas.<\/span><\/li>\n<\/ul>\n<h3>Detalle del Producto:<\/h3>\n<ul>\n<li>28 cm de di\u00e1metro.<\/li>\n<li>950 gram<\/li>\n<li>Incluye maza de algod\u00f3n.<\/li>\n<\/ul>\n","protected":false},"excerpt":{"rendered":"<p>Descripci\u00f3n del Producto : Gong Chau de mandala \u2013 Instrumento de Sanaci\u00f3n Sonora para Equilibrio Energ\u00e9tico Transforma tu espacio en un santuario de tranquilidad con este\u00a0Gong de Viento Tibetano, una obra maestra de la artesan\u00eda del Himalaya. Cada gong es martillado e grabado individualmente a mano por maestros artesanos en Nepal, utilizando aleaciones de bronce [&#8230;]\n","protected":false},"featured_media":1566,"comment_status":"open","ping_status":"closed","template":"","meta":[],"product_brand":[],"product_cat":[127,57],"product_tag":[],"class_list":{"0":"post-1579","1":"product","2":"type-product","3":"status-publish","4":"has-post-thumbnail","6":"product_cat-gong","7":"product_cat-cuenco-tibetano","9":"first","10":"instock","11":"taxable","12":"shipping-taxable","13":"purchasable","14":"product-type-simple"},"jetpack_sharing_enabled":true,"_links":{"self":[{"href":"https:\/\/saskar.store\/en\/wp-json\/wp\/v2\/product\/1579","targetHints":{"allow":["GET"]}}],"collection":[{"href":"https:\/\/saskar.store\/en\/wp-json\/wp\/v2\/product"}],"about":[{"href":"https:\/\/saskar.store\/en\/wp-json\/wp\/v2\/types\/product"}],"replies":[{"embeddable":true,"href":"https:\/\/saskar.store\/en\/wp-json\/wp\/v2\/comments?post=1579"}],"wp:featuredmedia":[{"embeddable":true,"href":"https:\/\/saskar.store\/en\/wp-json\/wp\/v2\/media\/1566"}],"wp:attachment":[{"href":"https:\/\/saskar.store\/en\/wp-json\/wp\/v2\/media?parent=1579"}],"wp:term":[{"taxonomy":"product_brand","embeddable":true,"href":"https:\/\/saskar.store\/en\/wp-json\/wp\/v2\/product_brand?post=1579"},{"taxonomy":"product_cat","embeddable":true,"href":"https:\/\/saskar.store\/en\/wp-json\/wp\/v2\/product_cat?post=1579"},{"taxonomy":"product_tag","embeddable":true,"href":"https:\/\/saskar.store\/en\/wp-json\/wp\/v2\/product_tag?post=1579"}],"curies":[{"name":"wp","href":"https:\/\/api.w.org\/{rel}","templated":true}]}}