{"id":1541,"date":"2026-01-09T11:48:14","date_gmt":"2026-01-09T11:48:14","guid":{"rendered":"https:\/\/saskar.store\/?post_type=product&#038;p=1541"},"modified":"2026-02-09T15:04:43","modified_gmt":"2026-02-09T15:04:43","slug":"best-price-singing-bowl-in-bilbao-spain","status":"publish","type":"product","link":"https:\/\/saskar.store\/en\/product\/best-price-singing-bowl-in-bilbao-spain\/","title":{"rendered":"Cuenco cantor antiguo martillado a mano \u2013 Cuenco del Himalaya para curaci\u00f3n, meditaci\u00f3n-Marr\u00f3n claro"},"content":{"rendered":"<h2>Descripci\u00f3n del Producto:\u00a0Cuenco cantor antiguo martillado a mano \u2013 Cuenco del Himalaya para curaci\u00f3n, meditaci\u00f3n-Marr\u00f3n claro<\/h2>\n<p>Los cuencos miden entre 8,5 cm y 17 cm de di\u00e1metro y pesan *1 kg*.<\/p>\n<p>Seleccionado por sanador profesional.<\/p>\n<p>Afinado con 7 notas musicales diferentes para equilibrar y sanar los *siete chakras*.<\/p>\n<p>Bendecido por un monje.<\/p>\n<p>Produce\u00a0 sonidos arm\u00f3nicos para la paz, la sabidur\u00eda, la felicidad y el equilibrio, ayudando a sanar los chakras bloqueados.<\/p>\n<h3>Accesorios gratuitos y manual de usuario.<\/h3>\n<p>Este cuenco tibetano est\u00e1 hecho de siete metales : oro, plata, cobre, hierro, esta\u00f1o, plomo y zinc. Cada metal tiene un prop\u00f3sito espec\u00edfico y representa el sol, la luna y otros planetas. El cuenco puede utilizarse para meditaci\u00f3n, m\u00fasica y limpieza de chakras. Incluye un percutor de cuero y ha sido martillado a mano en Nepal.<\/p>\n<p>Debido a su fabricaci\u00f3n artesanal, la superficie presenta marcas del martillado. El cuenco tiene una afinaci\u00f3n de larga duraci\u00f3n que crea un ambiente totalmente pac\u00edfico. Quienes buscan un *cuenco aut\u00e9ntico hecho a mano del Himalaya* no quedar\u00e1n decepcionados.<\/p>\n<p><strong>Usos de los Cuencos Tibetanos<\/strong><\/p>\n<p>Muy pocos estudios cient\u00edficos han examinado los beneficios potenciales de los cuencos tibetanos, a pesar de su larga historia de uso. Sin embargo, muchas personas afirman que su uso les ayuda a sentirse m\u00e1s relajadas.<\/p>\n<p><strong>Usos de la terapia con cuencos tibetanos:<\/strong><\/p>\n<ul>\n<li><strong>Alivio del estr\u00e9s:<\/strong> Algunas investigaciones respaldan el uso de los cuencos tibetanos para promover la relajaci\u00f3n y reducir la ansiedad.<\/li>\n<li><strong>Mejora del sue\u00f1o:<\/strong> Dado que la terapia con cuencos se ha vinculado con la disminuci\u00f3n de la ansiedad y la tensi\u00f3n, puede ser \u00fatil para mejorar el sue\u00f1o. Se necesita m\u00e1s investigaci\u00f3n.<\/li>\n<li><strong>Reducci\u00f3n de la presi\u00f3n arterial:<\/strong> Un estudio preliminar publicado en el <em>American Journal of Health Promotion<\/em> (2014) analiz\u00f3 los beneficios de iniciar una sesi\u00f3n de relajaci\u00f3n dirigida con 12 minutos de sonidos de cuencos. Se observ\u00f3 una mayor reducci\u00f3n de la presi\u00f3n arterial sist\u00f3lica y la frecuencia card\u00edaca en comparaci\u00f3n con el silencio previo a la sesi\u00f3n.<\/li>\n<li><strong>Reducci\u00f3n de la depresi\u00f3n:<\/strong> Un estudio relacion\u00f3 la terapia con cuencos tibetanos con mejoras del estado de \u00e1nimo y sugiri\u00f3 que podr\u00eda ser una opci\u00f3n de bajo costo para ayudar a reducir s\u00edntomas depresivos.<\/li>\n<li><strong>Estimulaci\u00f3n del sistema inmunol\u00f3gico:<\/strong> Algunos afirman que los cuencos tibetanos pueden estimular el sistema inmunol\u00f3gico y producir cambios beneficiosos en las ondas cerebrales.<\/li>\n<li><strong>Alivio del dolor:<\/strong> Un estudio sobre dolor cr\u00f3nico de columna encontr\u00f3 que las personas tratadas con terapia de cuencos experimentaron una disminuci\u00f3n significativa del dolor y del estr\u00e9s. No obstante, el tratamiento placebo tuvo efectos similares, por lo que los autores concluyeron que no se pudo confirmar su eficacia para el alivio del dolor.<\/li>\n<li><strong>Equilibrio y armonizaci\u00f3n del cuerpo:<\/strong> Muchos defensores sostienen que las vibraciones del cuenco pueden producir cambios beneficiosos al \u201carmonizar\u201d las c\u00e9lulas y \u201cequilibrar el sistema energ\u00e9tico del cuerpo\u201d.<\/li>\n<li><strong>Potenciar otras pr\u00e1cticas de sanaci\u00f3n:<\/strong> Algunas personas usan los cuencos junto con otras pr\u00e1cticas, como la meditaci\u00f3n y la respiraci\u00f3n profunda.<\/li>\n<\/ul>\n<p><strong>C\u00f3mo usar los Cuencos Tibetanos<\/strong><\/p>\n<p>Durante un tratamiento con cuencos tibetanos, te recostar\u00e1s en el suelo mientras los cuencos se colocan en distintas configuraciones: alrededor del cuerpo, sobre el cuerpo o en diferentes lugares de la habitaci\u00f3n.<br \/>\nUna vez posicionados, el practicante utilizar\u00e1 mazos para golpear los cuencos en una secuencia que produzca sonidos y vibraciones. En algunos casos, tambi\u00e9n puede incluir una meditaci\u00f3n guiada.<\/p>\n<p>Para usar un cuenco por tu cuenta, <strong>presiona firmemente el mazo<\/strong> incluido y mu\u00e9velo <strong>en c\u00edrculos<\/strong> contra el borde exterior o el labio del cuenco. Cuando escuches un tono claro y brillante, <strong>reduce la velocidad<\/strong> del movimiento. Usa <strong>todo el brazo<\/strong>, no solo la mu\u00f1eca.<br \/>\nTambi\u00e9n puedes realizar el mismo movimiento circular en la parte exterior del cuerpo del cuenco. Adem\u00e1s, puedes <strong>golpear suavemente<\/strong> el cuenco antes de comenzar el movimiento circular.<\/p>\n","protected":false},"excerpt":{"rendered":"<p>Descripci\u00f3n del Producto:\u00a0Cuenco cantor antiguo martillado a mano \u2013 Cuenco del Himalaya para curaci\u00f3n, meditaci\u00f3n-Marr\u00f3n claro Los cuencos miden entre 8,5 cm y 17 cm de di\u00e1metro y pesan *1 kg*. Seleccionado por sanador profesional. Afinado con 7 notas musicales diferentes para equilibrar y sanar los *siete chakras*. Bendecido por un monje. Produce\u00a0 sonidos arm\u00f3nicos [&#8230;]\n","protected":false},"featured_media":1545,"comment_status":"open","ping_status":"closed","template":"","meta":[],"product_brand":[],"product_cat":[58,57],"product_tag":[],"class_list":{"0":"post-1541","1":"product","2":"type-product","3":"status-publish","4":"has-post-thumbnail","6":"product_cat-cuenco-tibetanos","7":"product_cat-cuenco-tibetano","9":"first","10":"instock","11":"taxable","12":"shipping-taxable","13":"purchasable","14":"product-type-simple"},"jetpack_sharing_enabled":true,"_links":{"self":[{"href":"https:\/\/saskar.store\/en\/wp-json\/wp\/v2\/product\/1541","targetHints":{"allow":["GET"]}}],"collection":[{"href":"https:\/\/saskar.store\/en\/wp-json\/wp\/v2\/product"}],"about":[{"href":"https:\/\/saskar.store\/en\/wp-json\/wp\/v2\/types\/product"}],"replies":[{"embeddable":true,"href":"https:\/\/saskar.store\/en\/wp-json\/wp\/v2\/comments?post=1541"}],"wp:featuredmedia":[{"embeddable":true,"href":"https:\/\/saskar.store\/en\/wp-json\/wp\/v2\/media\/1545"}],"wp:attachment":[{"href":"https:\/\/saskar.store\/en\/wp-json\/wp\/v2\/media?parent=1541"}],"wp:term":[{"taxonomy":"product_brand","embeddable":true,"href":"https:\/\/saskar.store\/en\/wp-json\/wp\/v2\/product_brand?post=1541"},{"taxonomy":"product_cat","embeddable":true,"href":"https:\/\/saskar.store\/en\/wp-json\/wp\/v2\/product_cat?post=1541"},{"taxonomy":"product_tag","embeddable":true,"href":"https:\/\/saskar.store\/en\/wp-json\/wp\/v2\/product_tag?post=1541"}],"curies":[{"name":"wp","href":"https:\/\/api.w.org\/{rel}","templated":true}]}}