{"id":1190,"date":"2026-01-01T04:05:21","date_gmt":"2026-01-01T04:05:21","guid":{"rendered":"https:\/\/saskar.store\/?post_type=product&#038;p=1190"},"modified":"2026-01-31T15:13:52","modified_gmt":"2026-01-31T15:13:52","slug":"multi-strand-ethnic-tibetan-necklace-featuring-lapis-lazuli-and-coral-beads-with-a-hamsa-style-turquoise-and-coral-inlay-pendant-2","status":"publish","type":"product","link":"https:\/\/saskar.store\/en\/product\/multi-strand-ethnic-tibetan-necklace-featuring-lapis-lazuli-and-coral-beads-with-a-hamsa-style-turquoise-and-coral-inlay-pendant-2\/","title":{"rendered":"Multi-strand ethnic Tibetan necklace featuring lapis lazuli and coral beads with a Hamsa-style turquoise and coral inlay pendant"},"content":{"rendered":"<h2>Descripci\u00f3n del Producto: Multi-strand ethnic Tibetan necklace featuring lapis lazuli and coral beads with a Hamsa-style turquoise and coral inlay pendant<\/h2>\n<p>Sus hileras de cuentas en azul intenso, coral, verde y turquesa se combinan con un colgante central con la forma de la Mano de F\u00e1tima, antiguo s\u00edmbolo de protecci\u00f3n, poder y buena fortuna.<\/p>\n<p>Inspirado en la joyer\u00eda tradicional india, es perfecto para quienes buscan un amuleto con alma, color y car\u00e1cter.<\/p>\n<p>Una joya \u00fanica que ilumina y protege.<\/p>\n","protected":false},"excerpt":{"rendered":"<p>Descripci\u00f3n del Producto: Multi-strand ethnic Tibetan necklace featuring lapis lazuli and coral beads with a Hamsa-style turquoise and coral inlay pendant Sus hileras de cuentas en azul intenso, coral, verde y turquesa se combinan con un colgante central con la forma de la Mano de F\u00e1tima, antiguo s\u00edmbolo de protecci\u00f3n, poder y buena fortuna. Inspirado [&#8230;]\n","protected":false},"featured_media":1166,"comment_status":"open","ping_status":"closed","template":"","meta":[],"product_brand":[],"product_cat":[47,44],"product_tag":[],"class_list":{"0":"post-1190","1":"product","2":"type-product","3":"status-publish","4":"has-post-thumbnail","6":"product_cat-collar","7":"product_cat-joyeria","9":"first","10":"instock","11":"taxable","12":"shipping-taxable","13":"purchasable","14":"product-type-simple"},"jetpack_sharing_enabled":true,"_links":{"self":[{"href":"https:\/\/saskar.store\/en\/wp-json\/wp\/v2\/product\/1190","targetHints":{"allow":["GET"]}}],"collection":[{"href":"https:\/\/saskar.store\/en\/wp-json\/wp\/v2\/product"}],"about":[{"href":"https:\/\/saskar.store\/en\/wp-json\/wp\/v2\/types\/product"}],"replies":[{"embeddable":true,"href":"https:\/\/saskar.store\/en\/wp-json\/wp\/v2\/comments?post=1190"}],"wp:featuredmedia":[{"embeddable":true,"href":"https:\/\/saskar.store\/en\/wp-json\/wp\/v2\/media\/1166"}],"wp:attachment":[{"href":"https:\/\/saskar.store\/en\/wp-json\/wp\/v2\/media?parent=1190"}],"wp:term":[{"taxonomy":"product_brand","embeddable":true,"href":"https:\/\/saskar.store\/en\/wp-json\/wp\/v2\/product_brand?post=1190"},{"taxonomy":"product_cat","embeddable":true,"href":"https:\/\/saskar.store\/en\/wp-json\/wp\/v2\/product_cat?post=1190"},{"taxonomy":"product_tag","embeddable":true,"href":"https:\/\/saskar.store\/en\/wp-json\/wp\/v2\/product_tag?post=1190"}],"curies":[{"name":"wp","href":"https:\/\/api.w.org\/{rel}","templated":true}]}}