{"id":1185,"date":"2026-01-01T03:35:40","date_gmt":"2026-01-01T03:35:40","guid":{"rendered":"https:\/\/saskar.store\/?post_type=product&#038;p=1185"},"modified":"2026-01-31T15:30:58","modified_gmt":"2026-01-31T15:30:58","slug":"wood-mala-with-turquoise-like-beads","status":"publish","type":"product","link":"https:\/\/saskar.store\/en\/product\/wood-mala-with-turquoise-like-beads\/","title":{"rendered":"Mala De Madera Con Cuentas Tipo Turquesa"},"content":{"rendered":"<h2>Descripci\u00f3n del Producto: Mala De Madera Con Cuentas Tipo Turquesa<\/h2>\n<p>Se trata de una mala budista o hind\u00fa, una cadena de cuentas de oraci\u00f3n que se utiliza para la meditaci\u00f3n o la recitaci\u00f3n de mantras. Es probable que las cuentas est\u00e9n hechas de semillas de s\u00e1ndalo o rudraksha, ambas opciones populares para los malas debido a su significado espiritual y propiedades naturales.<\/p>\n<p>Detalles de Mala<\/p>\n<p>Cuentas: Parece tener 108 cuentas principales m\u00e1s una cuenta &#8220;gur\u00fa&#8221; o &#8220;cabeza&#8221; m\u00e1s grande, que es tradicional para una mala completa. Es probable que el material principal sea un tipo de madera o semilla natural, posiblemente s\u00e1ndalo por su aroma y propiedades calmantes, o semillas de rudraksha conocidas por su protecci\u00f3n.<br \/>\nCuentas decorativas: Las cuentas decorativas rojas y verdes suelen estar hechas de materiales como coral y \u00f3nix verde (o piedras\/materiales de colores similares).<br \/>\nGreencan simboliza el crecimiento, la curaci\u00f3n y la abundancia, y est\u00e1 asociado con el chakra del coraz\u00f3n.<br \/>\nA menudo simboliza el poder, la pasi\u00f3n, la conexi\u00f3n a tierra y la vitalidad, y est\u00e1 vinculado al chakra ra\u00edz.<br \/>\nUso: Los malas se utilizan para contar repeticiones de mantras, respiraciones o postraciones durante la meditaci\u00f3n o la oraci\u00f3n. Tambi\u00e9n se pueden usar como collar o pulsera cruzada como recordatorio de las intenciones espirituales.<br \/>\nMinorista: El nombre &#8220;Saskar.store&#8221; en la imagen sugiere una fuente o marca potencial, que parece estar asociada con varios productos espirituales y de joyer\u00eda.<\/p>\n","protected":false},"excerpt":{"rendered":"<p>Descripci\u00f3n del Producto: Mala De Madera Con Cuentas Tipo Turquesa Se trata de una mala budista o hind\u00fa, una cadena de cuentas de oraci\u00f3n que se utiliza para la meditaci\u00f3n o la recitaci\u00f3n de mantras. Es probable que las cuentas est\u00e9n hechas de semillas de s\u00e1ndalo o rudraksha, ambas opciones populares para los malas debido [&#8230;]\n","protected":false},"featured_media":1078,"comment_status":"open","ping_status":"closed","template":"","meta":[],"product_brand":[],"product_cat":[47,44],"product_tag":[],"class_list":{"0":"post-1185","1":"product","2":"type-product","3":"status-publish","4":"has-post-thumbnail","6":"product_cat-collar","7":"product_cat-joyeria","9":"first","10":"instock","11":"taxable","12":"shipping-taxable","13":"purchasable","14":"product-type-simple"},"jetpack_sharing_enabled":true,"_links":{"self":[{"href":"https:\/\/saskar.store\/en\/wp-json\/wp\/v2\/product\/1185","targetHints":{"allow":["GET"]}}],"collection":[{"href":"https:\/\/saskar.store\/en\/wp-json\/wp\/v2\/product"}],"about":[{"href":"https:\/\/saskar.store\/en\/wp-json\/wp\/v2\/types\/product"}],"replies":[{"embeddable":true,"href":"https:\/\/saskar.store\/en\/wp-json\/wp\/v2\/comments?post=1185"}],"wp:featuredmedia":[{"embeddable":true,"href":"https:\/\/saskar.store\/en\/wp-json\/wp\/v2\/media\/1078"}],"wp:attachment":[{"href":"https:\/\/saskar.store\/en\/wp-json\/wp\/v2\/media?parent=1185"}],"wp:term":[{"taxonomy":"product_brand","embeddable":true,"href":"https:\/\/saskar.store\/en\/wp-json\/wp\/v2\/product_brand?post=1185"},{"taxonomy":"product_cat","embeddable":true,"href":"https:\/\/saskar.store\/en\/wp-json\/wp\/v2\/product_cat?post=1185"},{"taxonomy":"product_tag","embeddable":true,"href":"https:\/\/saskar.store\/en\/wp-json\/wp\/v2\/product_tag?post=1185"}],"curies":[{"name":"wp","href":"https:\/\/api.w.org\/{rel}","templated":true}]}}