{"id":1054,"date":"2025-12-30T14:04:28","date_gmt":"2025-12-30T14:04:28","guid":{"rendered":"https:\/\/saskar.store\/?post_type=product&#038;p=1054"},"modified":"2026-02-12T14:48:34","modified_gmt":"2026-02-12T14:48:34","slug":"embroidered-mandala-cotton-t-shirt","status":"publish","type":"product","link":"https:\/\/saskar.store\/en\/product\/embroidered-mandala-cotton-t-shirt\/","title":{"rendered":"Camiseta De Algod\u00f3n Con Mandala Bordada"},"content":{"rendered":"<p>Camiseta de Algod\u00f3n Mandala Bordada Camiseta con dise\u00f1o de Mandala bordada con s\u00edmbolo OM procedente de Nepal.<\/p>\n","protected":false},"excerpt":{"rendered":"<p>Camiseta de Algod\u00f3n Mandala Bordada Camiseta con dise\u00f1o de Mandala bordada con s\u00edmbolo OM procedente de Nepal.<\/p>\n","protected":false},"featured_media":681,"comment_status":"open","ping_status":"closed","template":"","meta":[],"product_brand":[],"product_cat":[36,33,20,26],"product_tag":[],"class_list":{"0":"post-1054","1":"product","2":"type-product","3":"status-publish","4":"has-post-thumbnail","6":"product_cat-camiseta","7":"product_cat-camisetas","8":"product_cat-hombre","9":"product_cat-mujer","11":"first","12":"instock","13":"taxable","14":"shipping-taxable","15":"purchasable","16":"product-type-simple"},"jetpack_sharing_enabled":true,"_links":{"self":[{"href":"https:\/\/saskar.store\/en\/wp-json\/wp\/v2\/product\/1054","targetHints":{"allow":["GET"]}}],"collection":[{"href":"https:\/\/saskar.store\/en\/wp-json\/wp\/v2\/product"}],"about":[{"href":"https:\/\/saskar.store\/en\/wp-json\/wp\/v2\/types\/product"}],"replies":[{"embeddable":true,"href":"https:\/\/saskar.store\/en\/wp-json\/wp\/v2\/comments?post=1054"}],"wp:featuredmedia":[{"embeddable":true,"href":"https:\/\/saskar.store\/en\/wp-json\/wp\/v2\/media\/681"}],"wp:attachment":[{"href":"https:\/\/saskar.store\/en\/wp-json\/wp\/v2\/media?parent=1054"}],"wp:term":[{"taxonomy":"product_brand","embeddable":true,"href":"https:\/\/saskar.store\/en\/wp-json\/wp\/v2\/product_brand?post=1054"},{"taxonomy":"product_cat","embeddable":true,"href":"https:\/\/saskar.store\/en\/wp-json\/wp\/v2\/product_cat?post=1054"},{"taxonomy":"product_tag","embeddable":true,"href":"https:\/\/saskar.store\/en\/wp-json\/wp\/v2\/product_tag?post=1054"}],"curies":[{"name":"wp","href":"https:\/\/api.w.org\/{rel}","templated":true}]}}