{"id":2492,"date":"2026-02-02T15:12:10","date_gmt":"2026-02-02T15:12:10","guid":{"rendered":"https:\/\/saskar.store\/?page_id=2492"},"modified":"2026-02-03T19:01:32","modified_gmt":"2026-02-03T19:01:32","slug":"configuracion-de-cookies","status":"publish","type":"page","link":"https:\/\/saskar.store\/en\/configuracion-de-cookies\/","title":{"rendered":"Configuraci\u00f3n de Cookies"},"content":{"rendered":"\n<h2>Configuraci\u00f3n de Cookies<\/h2>\n<p><b>\u00bfQu\u00e9 es una cookie?<\/b><br \/>\nUna cookie es un peque\u00f1o archivo de texto que un sitio web coloca en su PC, tel\u00e9fono u otro dispositivo y que contiene informaci\u00f3n sobre su actividad de navegaci\u00f3n en ese sitio. Las cookies son necesarias para facilitar y mejorar su experiencia de navegaci\u00f3n y no da\u00f1an su computadora. Si bien esta pol\u00edtica utiliza el t\u00e9rmino general &#8220;cookie&#8221; porque es el m\u00e9todo principal de almacenamiento de informaci\u00f3n utilizado por este sitio web, el &#8220;Almacenamiento local&#8221; del navegador tambi\u00e9n se utiliza para los mismos fines que las cookies. Por lo tanto, toda la informaci\u00f3n incluida en esta secci\u00f3n se aplica igualmente al \u201cAlmacenamiento local\u201d.<\/p>\n<p><b>\u00bfPara qu\u00e9 se utilizan las cookies en este sitio web?<\/b><br \/>\nLas cookies son una parte esencial del funcionamiento de nuestro sitio web. El objetivo principal de nuestras cookies es mejorar su experiencia de navegaci\u00f3n. Por ejemplo, nos permiten recordar sus preferencias (idioma, pa\u00eds, etc.) durante su sesi\u00f3n de navegaci\u00f3n y en futuras visitas. La informaci\u00f3n recopilada a trav\u00e9s de las cookies tambi\u00e9n nos permite mejorar el sitio web estimando n\u00fameros y patrones de uso, adaptando el sitio web a los intereses individuales de los usuarios, acelerando las b\u00fasquedas y m\u00e1s. Ocasionalmente, con su previo consentimiento informado, podremos utilizar cookies, etiquetas u otros dispositivos similares para obtener informaci\u00f3n que nos permita mostrarle publicidad basada en sus h\u00e1bitos de navegaci\u00f3n, ya sea en nuestro sitio web, sitios web de terceros o a trav\u00e9s de otros medios.<\/p>\n<p><b>\u00bfPara qu\u00e9 NO se utilizan cookies en este sitio web?<\/b><br \/>\nNo almacenamos informaci\u00f3n confidencial de identificaci\u00f3n personal, como su direcci\u00f3n, contrase\u00f1a, etc., en las cookies que utilizamos.<\/p>\n<p><b>\u00bfQui\u00e9n utiliza la informaci\u00f3n almacenada en las cookies?<\/b><br \/>\nLa informaci\u00f3n almacenada en las cookies de nuestro sitio web es utilizada exclusivamente por nosotros, a excepci\u00f3n de las identificadas a continuaci\u00f3n como \u201ccookies de terceros\u201d, que son utilizadas y administradas por entidades externas para proporcionarnos los servicios que hemos solicitado para mejorar nuestros servicios y la experiencia del usuario al navegar por nuestro sitio web. Los principales servicios para los que se utilizan estas \u201ccookies de terceros\u201d son la obtenci\u00f3n de estad\u00edsticas de acceso y la garant\u00eda del procesamiento de pagos.<\/p>\n<p><b>\u00bfC\u00f3mo puedo evitar el uso de cookies en este sitio web?<\/b><br \/>\nSi prefiere evitar el uso de cookies en esta p\u00e1gina, teniendo en cuenta las limitaciones mencionadas anteriormente, primero deber\u00e1 deshabilitar las cookies en su navegador y luego eliminar las cookies almacenadas en su navegador asociadas a este sitio web. Puedes hacer esto en cualquier momento.<\/p>\n<p><b>\u00bfC\u00f3mo desactivo y elimino el uso de cookies?<\/b><br \/>\nPara restringir, bloquear o eliminar las cookies de este sitio web, puede modificar la configuraci\u00f3n de su navegador en cualquier momento, siguiendo las pautas a continuaci\u00f3n. Si bien la configuraci\u00f3n de cada navegador es diferente, la configuraci\u00f3n de las cookies suele encontrarse en el men\u00fa \u201cPreferencias\u201d o \u201cHerramientas\u201d. Para m\u00e1s detalles sobre la configuraci\u00f3n de cookies en su navegador, consulte su men\u00fa \u201cAyuda\u201d.<\/p>\n<p><b>\u00bfQu\u00e9 cookies concretas utiliza este sitio web y con qu\u00e9 finalidades?<\/b><br \/>\nA continuaci\u00f3n se muestra una tabla con las cookies utilizadas por este sitio web junto con la finalidad de cada una.<\/p>\n<p>Estas cookies obtienen informaci\u00f3n gen\u00e9rica sobre el acceso de los usuarios al sitio web (no sobre el contenido en s\u00ed) para posteriormente facilitarnos informaci\u00f3n agregada sobre dicho acceso con fines estad\u00edsticos.<\/p>\n<p><b>T\u00cdTULO DE LA COOKIE FINALIDAD GESTI\u00d3N DE LA DURACI\u00d3N<\/b><br \/>\nIdentificaci\u00f3n de sesi\u00f3n Identifica la sesi\u00f3n HTTP del usuario. Esto es com\u00fan en todas las aplicaciones web para identificar solicitudes de un usuario dentro de una sesi\u00f3n. Sesi\u00f3n propia<br \/>\nAceptaci\u00f3n del uso de cookies Identifica si el usuario ha aceptado el uso de cookies en el sitio web Persistente Propia<br \/>\nGoogle Analytics (cookie de terceros) Estas cookies nos permiten realizar un seguimiento del uso del sitio web a trav\u00e9s de Google Analytics, un servicio prestado por Google para obtener informaci\u00f3n sobre el acceso de los usuarios a los sitios web. Algunos de los datos que se guardan para su posterior an\u00e1lisis incluyen: el n\u00famero de veces que un usuario visita el sitio web, las fechas de la primera y \u00faltima visita del usuario, la duraci\u00f3n de las visitas, la p\u00e1gina desde la que el usuario accedi\u00f3 al sitio web, el motor de b\u00fasqueda que utiliz\u00f3 para llegar al sitio web o el enlace en el que hizo clic, la ubicaci\u00f3n del usuario, etc. La configuraci\u00f3n de estas cookies est\u00e1 predeterminada por el servicio que ofrece Google, por lo que le sugerimos consultar la p\u00e1gina de privacidad de Google Analytics, <a href=\"http:\/\/www.google.com\/intl\/es\/analytics\/privacyoverview.html\" \/a rel=\"nofollow noopener\" target=\"_blank\">, para obtener m\u00e1s informaci\u00f3n sobre las cookies que utiliza y c\u00f3mo desactivarlas (en el entendido de que no somos responsables del contenido o exactitud de los sitios web de terceros). Persistente Tercer grado<\/p>\n<p><b>NOTA:<\/b> Esta tabla de informaci\u00f3n se actualizar\u00e1 lo m\u00e1s r\u00e1pido posible a medida que cambien los servicios ofrecidos en este sitio web. Sin embargo, durante dichas actualizaciones, es posible que la tabla de informaci\u00f3n omita temporalmente algunas cookies, etiquetas u otros dispositivos similares, aunque estos siempre cumplir\u00e1n prop\u00f3sitos id\u00e9nticos a los enumerados en esta tabla.<\/p>\n<p> Un &#8220;consumidor&#8221; en el sentido de las siguientes normas es toda persona f\u00edsica que celebra un negocio jur\u00eddico que, en su gran mayor\u00eda, no puede atribuirse ni a sus actividades comerciales ni a sus actividades profesionales independientes. El t\u00e9rmino &#8220;empresario&#8221; se refiere a toda persona f\u00edsica, jur\u00eddica o sociedad jur\u00eddicamente responsable que celebra un negocio jur\u00eddico en el ejercicio de su actividad profesional o comercial independiente.<\/p>\n\n\n\n\n<p><\/p>\n","protected":false},"excerpt":{"rendered":"","protected":false},"author":1,"featured_media":0,"parent":0,"menu_order":0,"comment_status":"closed","ping_status":"closed","template":"","meta":{"footnotes":""},"class_list":["post-2492","page","type-page","status-publish","hentry"],"jetpack_sharing_enabled":true,"_links":{"self":[{"href":"https:\/\/saskar.store\/en\/wp-json\/wp\/v2\/pages\/2492","targetHints":{"allow":["GET"]}}],"collection":[{"href":"https:\/\/saskar.store\/en\/wp-json\/wp\/v2\/pages"}],"about":[{"href":"https:\/\/saskar.store\/en\/wp-json\/wp\/v2\/types\/page"}],"author":[{"embeddable":true,"href":"https:\/\/saskar.store\/en\/wp-json\/wp\/v2\/users\/1"}],"replies":[{"embeddable":true,"href":"https:\/\/saskar.store\/en\/wp-json\/wp\/v2\/comments?post=2492"}],"version-history":[{"count":5,"href":"https:\/\/saskar.store\/en\/wp-json\/wp\/v2\/pages\/2492\/revisions"}],"predecessor-version":[{"id":2539,"href":"https:\/\/saskar.store\/en\/wp-json\/wp\/v2\/pages\/2492\/revisions\/2539"}],"wp:attachment":[{"href":"https:\/\/saskar.store\/en\/wp-json\/wp\/v2\/media?parent=2492"}],"curies":[{"name":"wp","href":"https:\/\/api.w.org\/{rel}","templated":true}]}}